{"id":4975,"date":"2025-02-12T12:52:00","date_gmt":"2025-02-12T11:52:00","guid":{"rendered":"https:\/\/www.capacitacionihcantabria.com\/?post_type=product&#038;p=4975"},"modified":"2025-02-12T14:21:00","modified_gmt":"2025-02-12T13:21:00","slug":"smc-sistema-de-modelado-costero-formato-presencial","status":"publish","type":"product","link":"https:\/\/www.capacitacionihcantabria.com\/en\/p\/smc-sistema-de-modelado-costero-formato-presencial\/","title":{"rendered":"SMC- Sistema de Modelado Costero [Formato Presencial]"},"content":{"rendered":"<div class=\"wpb-content-wrapper\"><p>[vc_row wrap_container=&#8221;yes&#8221; conditional_render=&#8221;%5B%7B%22value_role%22%3A%22administrator%22%7D%5D&#8221; css=&#8221;.vc_custom_1709104675544{padding-bottom: 10px !important;}&#8221;][vc_column][vc_column_text css=&#8221;&#8221; el_class=&#8221;breadcrumb&#8221; css_params=&#8221;&#8221;]<a href=\"\/\">Home<\/a> | <a href=\"https:\/\/www.capacitacionihcantabria.com\/cursos-de-formacion-continua\/\">Formaci\u00f3n continua<\/a>\u00a0| <strong>SMC &#8211; Sistema de Modelado Costero [ Presencial]<\/strong>[\/vc_column_text][\/vc_column][\/vc_row][vc_row wrap_container=&#8221;yes&#8221; content_placement=&#8221;middle&#8221; css=&#8221;.vc_custom_1713961366899{background-color: #e8e8e8 !important;}&#8221; conditional_render=&#8221;%5B%7B%22value_role%22%3A%22administrator%22%7D%5D&#8221;][vc_column width=&#8221;5\/6&#8243; text_align=&#8221;left&#8221; css=&#8221;.vc_custom_1713961357271{padding-top: 2% !important;padding-bottom: 2% !important;}&#8221; conditional_render=&#8221;%5B%7B%22value_role%22%3A%22administrator%22%7D%5D&#8221;][vc_row_inner wrap_container=&#8221;yes&#8221;][vc_column_inner width=&#8221;1\/2&#8243;][vc_column_text css=&#8221;&#8221; css_params=&#8221;&#8221;]<\/p>\n<ul>\n<li><strong>Fechas<\/strong>: Todo el a\u00f1o excepto agosto y Navidades<\/li>\n<li><b><span data-contrast=\"auto\">Horas de estudio: <\/span><\/b>28h en 1 semana<\/li>\n<li><b><span data-contrast=\"auto\">Precio:<\/span><\/b><span data-contrast=\"auto\"><br \/>\n<\/span><\/p>\n<ul>\n<li><strong>En las instalaciones de IHCantabria (Santander):<\/strong>\n<ul>\n<li>Costo: 7.000 \u20ac.<\/li>\n<li>Impartido por 2 profesores.<\/li>\n<\/ul>\n<\/li>\n<li><strong>En otra ubicaci\u00f3n (fuera de Santander):<\/strong>\n<ul>\n<li>A los 7.000 \u20ac se a\u00f1adir\u00edan los gastos de desplazamiento, alojamiento y dietas del profesorado.<\/li>\n<\/ul>\n<\/li>\n<\/ul>\n<\/li>\n<li><b><span data-contrast=\"auto\">Idioma:<\/span><\/b><span data-contrast=\"auto\"> Espa\u00f1ol \/ Ingl\u00e9s<\/span><\/li>\n<li><b><span data-contrast=\"auto\">Modalidad:<\/span><\/b><span data-contrast=\"auto\"> Presencial<\/span><\/li>\n<\/ul>\n<div class=\"page\" title=\"Page 1\">\n<div class=\"layoutArea\">\n<div class=\"column\"><\/div>\n<\/div>\n<\/div>\n<p>[\/vc_column_text][\/vc_column_inner][vc_column_inner width=&#8221;1\/2&#8243; css=&#8221;.vc_custom_1713961259138{border-right-width: 4px !important;padding-right: 5% !important;border-right-color: #ffffff !important;border-right-style: solid !important;}&#8221;][vc_column_text css=&#8221;&#8221; css_params=&#8221;&#8221;]<\/p>\n<ul>\n<li><strong>Estado<\/strong>: Bajo solicitud<\/li>\n<li><b><span data-contrast=\"auto\">Requisitos: <\/span><\/b>Conocimientos b\u00e1sicos en procesos litorales y din\u00e1micas marinas<\/li>\n<li><strong>Requisitos t\u00e9cnicos:<\/strong> Surfer (Golden Software), Sistema De Modelado Costero SMC, Internet<\/li>\n<li><b><span data-contrast=\"auto\">Sistema de evaluaci\u00f3n<\/span><\/b><span data-contrast=\"auto\">: El curso consta tanto parte te\u00f3rica como pr\u00e1ctica. El estudiante debe realizar una serie de ejercicios pr\u00e1cticos que permiten evaluar los conocimientos adquiridos durante el curso.<\/span><\/li>\n<li><b><span data-contrast=\"auto\">Tipo de certificado: <\/span><\/b>Experto en el manejo del SMC<\/li>\n<\/ul>\n<p>[\/vc_column_text][\/vc_column_inner][\/vc_row_inner][\/vc_column][vc_column width=&#8221;1\/6&#8243; text_align=&#8221;center&#8221; conditional_render=&#8221;%5B%7B%22value_role%22%3A%22administrator%22%7D%5D&#8221;]<p class=\"product woocommerce add_to_cart_inline \" style=\"border:4px solid #ccc; padding: 12px;\"><span class=\"woocommerce-Price-amount amount\" aria-hidden=\"true\"><bdi>7,000.00<span class=\"woocommerce-Price-currencySymbol\">&euro;<\/span><\/bdi><\/span> <span aria-hidden=\"true\">&ndash;<\/span> <span class=\"woocommerce-Price-amount amount\" aria-hidden=\"true\"><bdi>7,001.00<span class=\"woocommerce-Price-currencySymbol\">&euro;<\/span><\/bdi><\/span><span class=\"screen-reader-text\">Price range: 7,000.00&euro; through 7,001.00&euro;<\/span><div class=\"add-links-wrap\">\r\n\t<div class=\"add-links no-effect clearfix\">\r\n\t\t<a href=\"https:\/\/www.capacitacionihcantabria.com\/en\/p\/smc-sistema-de-modelado-costero-formato-presencial\/\" aria-describedby=\"woocommerce_loop_add_to_cart_link_describedby_4975\" data-quantity=\"1\" class=\"viewcart-style-3 button product_type_variable add_to_cart_button\" data-product_id=\"4975\" data-product_sku=\"\" aria-label=\"Select options for &ldquo;SMC- Sistema de Modelado Costero [Formato Presencial]&rdquo;\" rel=\"nofollow\">Select options<\/a>\t\t<span id=\"woocommerce_loop_add_to_cart_link_describedby_4975\" class=\"screen-reader-text\">\r\n\t\tThis product has multiple variants. The options may be chosen on the product page\t<\/span>\r\n\t\t\t<\/div>\r\n\t<\/div>[\/vc_column][\/vc_row][vc_row wrap_container=&#8221;yes&#8221; css=&#8221;.vc_custom_1709108636689{margin-top: 2% !important;margin-right: 10% !important;margin-left: 10% !important;}&#8221; conditional_render=&#8221;%5B%7B%22value_role%22%3A%22administrator%22%7D%5D&#8221;][vc_column width=&#8221;1\/4&#8243;][vc_btn title=&#8221;Link al curso&#8221; style=&#8221;outline&#8221; shape=&#8221;square&#8221; color=&#8221;default&#8221; size=&#8221;xl&#8221; align=&#8221;center&#8221; i_align=&#8221;right&#8221; i_icon_fontawesome=&#8221;fas fa-chalkboard-teacher&#8221; skin=&#8221;tertiary&#8221; hover_effect=&#8221;hover-icon-left&#8221; add_icon=&#8221;true&#8221; link=&#8221;url:https%3A%2F%2Fsmc.ihcantabria.es%2FSMC25%2Fcursos%2F|target:_blank&#8221; btn_icon_spacing=&#8221;{&#8220;xl&#8220;:&#8220;20&#8220;,&#8220;unit&#8220;:&#8220;&#8220;,&#8220;xs&#8220;:&#8220;&#8220;,&#8220;sm&#8220;:&#8220;&#8220;,&#8220;md&#8220;:&#8220;&#8220;,&#8220;lg&#8220;:&#8220;&#8220;}&#8221;][\/vc_column][vc_column width=&#8221;1\/4&#8243;][vc_btn title=&#8221;P\u00e1gina web&#8221; style=&#8221;outline&#8221; shape=&#8221;square&#8221; color=&#8221;default&#8221; size=&#8221;xl&#8221; align=&#8221;center&#8221; i_align=&#8221;right&#8221; i_icon_fontawesome=&#8221;fas fa-external-link-alt&#8221; skin=&#8221;tertiary&#8221; hover_effect=&#8221;hover-icon-left&#8221; add_icon=&#8221;true&#8221; link=&#8221;url:https%3A%2F%2Fsmc.ihcantabria.es%2FSMC25%2F|target:_blank&#8221; btn_icon_spacing=&#8221;{&#8220;xl&#8220;:&#8220;20&#8220;,&#8220;unit&#8220;:&#8220;&#8220;,&#8220;xs&#8220;:&#8220;&#8220;,&#8220;sm&#8220;:&#8220;&#8220;,&#8220;md&#8220;:&#8220;&#8220;,&#8220;lg&#8220;:&#8220;&#8220;}&#8221;][\/vc_column][vc_column width=&#8221;1\/4&#8243;][vc_btn title=&#8221;Contenidos&#8221; style=&#8221;outline&#8221; shape=&#8221;square&#8221; color=&#8221;default&#8221; size=&#8221;xl&#8221; align=&#8221;center&#8221; i_align=&#8221;right&#8221; i_icon_fontawesome=&#8221;fas fa-book-reader&#8221; skin=&#8221;tertiary&#8221; hover_effect=&#8221;hover-icon-left&#8221; add_icon=&#8221;true&#8221; link=&#8221;url:https%3A%2F%2Fsmc.ihcantabria.es%2F|target:_blank&#8221; btn_icon_spacing=&#8221;{&#8220;xl&#8220;:&#8220;20&#8220;,&#8220;unit&#8220;:&#8220;&#8220;,&#8220;xs&#8220;:&#8220;&#8220;,&#8220;sm&#8220;:&#8220;&#8220;,&#8220;md&#8220;:&#8220;&#8220;,&#8220;lg&#8220;:&#8220;&#8220;}&#8221;][\/vc_column][vc_column width=&#8221;1\/4&#8243;][vc_btn title=&#8221;Cuadro de profesorado&#8221; style=&#8221;outline&#8221; shape=&#8221;square&#8221; color=&#8221;default&#8221; size=&#8221;xl&#8221; align=&#8221;center&#8221; i_align=&#8221;right&#8221; i_icon_fontawesome=&#8221;fas fa-arrow-right&#8221; skin=&#8221;tertiary&#8221; add_icon=&#8221;true&#8221; link=&#8221;url:https%3A%2F%2Fwww.capacitacionihcantabria.com%2Fsmc-teaching-staff%2F&#8221;][\/vc_column][\/vc_row][vc_row wrap_container=&#8221;yes&#8221; gap=&#8221;35&#8243; content_placement=&#8221;middle&#8221; css=&#8221;.vc_custom_1715688666855{margin-top: 4% !important;margin-bottom: 4% !important;}&#8221; conditional_render=&#8221;%5B%7B%22value_role%22%3A%22administrator%22%7D%5D&#8221;][vc_column width=&#8221;2\/3&#8243;][vc_column_text css=&#8221;.vc_custom_1715843894784{padding-right: 10% !important;}&#8221;]<\/p>\n<div class=\"page\" title=\"Page 1\">\n<div class=\"layoutArea\">\n<div class=\"column\">\n<p>El <strong>Sistema de Modelado Costero (SMC)<\/strong>, forma parte de un conjunto de herramientas y documentos elaborados en el proyecto de I+D+I denominado \u00abModelo de Ayuda a la Gesti\u00f3n del Litoral\u00bb. Dicho proyecto, desarrollado por la Universidad de Cantabria para la Direcci\u00f3n General de Sostenibilidad de la Costa y del Mar ha tenido como objetivos fundamentales:<\/p>\n<ul>\n<li>Conocer con precisi\u00f3n la din\u00e1mica y la evoluci\u00f3n de los sistemas costeros<\/li>\n<li>Dise\u00f1ar con fiabilidad las estrategias de actuaci\u00f3n necesarias para evitar la regresi\u00f3n de la costa y la inundaci\u00f3n de las zonas bajas litorales<\/li>\n<li>Establecer una metodolog\u00eda para el dise\u00f1o, ejecuci\u00f3n y seguimiento de las actuaciones a realizar en la costa espa\u00f1ola<\/li>\n<li>Desarrollar una serie de herramientas num\u00e9ricas que permitan la aplicaci\u00f3n de las metodolog\u00edas establecidas<\/li>\n<li>Recopilar la experiencia espa\u00f1ola en el campo de la Ingenier\u00eda Litoral<\/li>\n<\/ul>\n<\/div>\n<\/div>\n<\/div>\n<p>[\/vc_column_text][\/vc_column][vc_column width=&#8221;1\/3&#8243;][vc_single_image image=&#8221;4976&#8243; img_size=&#8221;&#8221; alignment=&#8221;center&#8221; css=&#8221;&#8221; img_width=&#8221;{&#8220;unit&#8220;:&#8220;%&#8220;,&#8220;xs&#8220;:&#8220;&#8220;,&#8220;sm&#8220;:&#8220;&#8220;,&#8220;md&#8220;:&#8220;&#8220;,&#8220;lg&#8220;:&#8220;&#8220;,&#8220;xl&#8220;:&#8220;100&#8220;}&#8221; css_params=&#8221;&#8221;][\/vc_column][\/vc_row][vc_row full_width=&#8221;stretch_row&#8221; wrap_container=&#8221;yes&#8221; css=&#8221;.vc_custom_1709076476359{margin-top: 4% !important;border-bottom-width: 30px !important;padding-top: 30px !important;background-color: #e8e8e8 !important;}&#8221; conditional_render=&#8221;%5B%7B%22value_role%22%3A%22administrator%22%7D%5D&#8221;][vc_column][vc_column_text css=&#8221;&#8221;]<\/p>\n<div class=\"page\" title=\"Page 1\">\n<div class=\"layoutArea\">\n<div class=\"column\">\n<p>Esta formaci\u00f3n est\u00e1 destinada a estudiantes, profesionales de empresas o administraciones p\u00fablicas e investigadores del sector de la Ingenier\u00eda Costera Y Portuaria (Ingenieros de Caminos, Licenciados en Ciencias Del Mar, Ocean\u00f3grafos, etc.).<\/p>\n<\/div>\n<\/div>\n<\/div>\n<p>[\/vc_column_text][\/vc_column][\/vc_row]<\/p>\n<\/div>","protected":false},"excerpt":{"rendered":"<p>El Sistema de Modelado Costero, SMC, forma parte de un conjunto de herramientas y documentos elaborados en el proyecto de I+D+I denominado \u00abModelo de Ayuda a la Gesti\u00f3n del Litoral\u00bb. Dicho proyecto fue desarrollado por la Universidad de Cantabria para la Direcci\u00f3n General de Sostenibilidad de la Costa y del Mar.<\/p>\n","protected":false},"featured_media":4980,"comment_status":"closed","ping_status":"closed","template":"","meta":[],"product_brand":[],"product_cat":[39,42],"product_tag":[],"class_list":{"0":"post-4975","1":"product","2":"type-product","3":"status-publish","4":"has-post-thumbnail","6":"product_cat-ingenieria-y-gestion-de-la-costa","7":"product_cat-riesgos-naturales-y-antropicos","9":"first","10":"instock","11":"taxable","12":"shipping-taxable","13":"purchasable","14":"product-type-variable"},"yoast_head":"<!-- This site is optimized with the Yoast SEO Premium plugin v27.4 (Yoast SEO v27.5) - https:\/\/yoast.com\/product\/yoast-seo-premium-wordpress\/ -->\n<title>SMC- Sistema de Modelado Costero [Formato Presencial] | Formaci\u00f3n IHCantabria<\/title>\n<meta name=\"robots\" content=\"index, follow, max-snippet:-1, max-image-preview:large, max-video-preview:-1\" \/>\n<link rel=\"canonical\" href=\"https:\/\/www.capacitacionihcantabria.com\/en\/p\/smc-sistema-de-modelado-costero-formato-presencial\/\" \/>\n<meta property=\"og:locale\" content=\"en_US\" \/>\n<meta property=\"og:type\" content=\"article\" \/>\n<meta property=\"og:title\" content=\"SMC- Sistema de Modelado Costero [Formato Presencial]\" \/>\n<meta property=\"og:description\" content=\"El Sistema de Modelado Costero, SMC, forma parte de un conjunto de herramientas y documentos elaborados en el proyecto de I+D+I denominado \u00abModelo de Ayuda a la Gesti\u00f3n del Litoral\u00bb. Dicho proyecto fue desarrollado por la Universidad de Cantabria para la Direcci\u00f3n General de Sostenibilidad de la Costa y del Mar.\" \/>\n<meta property=\"og:url\" content=\"https:\/\/www.capacitacionihcantabria.com\/en\/p\/smc-sistema-de-modelado-costero-formato-presencial\/\" \/>\n<meta property=\"og:site_name\" content=\"Formaci\u00f3n IHCantabria\" \/>\n<meta property=\"article:publisher\" content=\"https:\/\/www.facebook.com\/IHCantabria\/\" \/>\n<meta property=\"article:modified_time\" content=\"2025-02-12T13:21:00+00:00\" \/>\n<meta property=\"og:image\" content=\"https:\/\/www.capacitacionihcantabria.com\/wp-content\/uploads\/2025\/02\/nayarit-beach-2024-05-27-03-17-29-utc-scaled.jpg\" \/>\n\t<meta property=\"og:image:width\" content=\"2560\" \/>\n\t<meta property=\"og:image:height\" content=\"1705\" \/>\n\t<meta property=\"og:image:type\" content=\"image\/jpeg\" \/>\n<meta name=\"twitter:card\" content=\"summary_large_image\" \/>\n<meta name=\"twitter:site\" content=\"@IHCantabria\" \/>\n<meta name=\"twitter:label1\" content=\"Availability\" \/>\n\t<meta name=\"twitter:data1\" content=\"In stock\" \/>\n<script type=\"application\/ld+json\" class=\"yoast-schema-graph\">{\"@context\":\"https:\\\/\\\/schema.org\",\"@graph\":[{\"@type\":\"WebPage\",\"@id\":\"https:\\\/\\\/www.capacitacionihcantabria.com\\\/en\\\/p\\\/smc-sistema-de-modelado-costero-formato-presencial\\\/\",\"url\":\"https:\\\/\\\/www.capacitacionihcantabria.com\\\/en\\\/p\\\/smc-sistema-de-modelado-costero-formato-presencial\\\/\",\"name\":\"SMC- Sistema de Modelado Costero [Formato Presencial] | Formaci\u00f3n IHCantabria\",\"isPartOf\":{\"@id\":\"https:\\\/\\\/www.capacitacionihcantabria.com\\\/en\\\/#website\"},\"primaryImageOfPage\":{\"@id\":\"https:\\\/\\\/www.capacitacionihcantabria.com\\\/en\\\/p\\\/smc-sistema-de-modelado-costero-formato-presencial\\\/#primaryimage\"},\"image\":{\"@id\":\"https:\\\/\\\/www.capacitacionihcantabria.com\\\/en\\\/p\\\/smc-sistema-de-modelado-costero-formato-presencial\\\/#primaryimage\"},\"thumbnailUrl\":\"https:\\\/\\\/www.capacitacionihcantabria.com\\\/wp-content\\\/uploads\\\/2025\\\/02\\\/nayarit-beach-2024-05-27-03-17-29-utc-scaled.jpg\",\"datePublished\":\"2025-02-12T11:52:00+00:00\",\"dateModified\":\"2025-02-12T13:21:00+00:00\",\"breadcrumb\":{\"@id\":\"https:\\\/\\\/www.capacitacionihcantabria.com\\\/en\\\/p\\\/smc-sistema-de-modelado-costero-formato-presencial\\\/#breadcrumb\"},\"inLanguage\":\"en-US\",\"potentialAction\":[{\"@type\":\"ReadAction\",\"target\":[\"https:\\\/\\\/www.capacitacionihcantabria.com\\\/en\\\/p\\\/smc-sistema-de-modelado-costero-formato-presencial\\\/\"]}]},{\"@type\":\"ImageObject\",\"inLanguage\":\"en-US\",\"@id\":\"https:\\\/\\\/www.capacitacionihcantabria.com\\\/en\\\/p\\\/smc-sistema-de-modelado-costero-formato-presencial\\\/#primaryimage\",\"url\":\"https:\\\/\\\/www.capacitacionihcantabria.com\\\/wp-content\\\/uploads\\\/2025\\\/02\\\/nayarit-beach-2024-05-27-03-17-29-utc-scaled.jpg\",\"contentUrl\":\"https:\\\/\\\/www.capacitacionihcantabria.com\\\/wp-content\\\/uploads\\\/2025\\\/02\\\/nayarit-beach-2024-05-27-03-17-29-utc-scaled.jpg\",\"width\":2560,\"height\":1705},{\"@type\":\"BreadcrumbList\",\"@id\":\"https:\\\/\\\/www.capacitacionihcantabria.com\\\/en\\\/p\\\/smc-sistema-de-modelado-costero-formato-presencial\\\/#breadcrumb\",\"itemListElement\":[{\"@type\":\"ListItem\",\"position\":1,\"name\":\"Portada\",\"item\":\"https:\\\/\\\/www.capacitacionihcantabria.com\\\/en\\\/\"},{\"@type\":\"ListItem\",\"position\":2,\"name\":\"Continuing education courses\",\"item\":\"https:\\\/\\\/www.capacitacionihcantabria.com\\\/en\\\/shop\\\/\"},{\"@type\":\"ListItem\",\"position\":3,\"name\":\"SMC- Sistema de Modelado Costero [Formato Presencial]\"}]},{\"@type\":\"WebSite\",\"@id\":\"https:\\\/\\\/www.capacitacionihcantabria.com\\\/en\\\/#website\",\"url\":\"https:\\\/\\\/www.capacitacionihcantabria.com\\\/en\\\/\",\"name\":\"Formaci\u00f3n IHCantabria\",\"description\":\"Training Platform ECCE-IH Educaci\u00f3n Continua \\\/ Continuing Education \u2013 IH\",\"publisher\":{\"@id\":\"https:\\\/\\\/www.capacitacionihcantabria.com\\\/en\\\/#organization\"},\"alternateName\":\"Portal de Capacitaci\u00f3n y Formaci\u00f3n IHCantabria\",\"potentialAction\":[{\"@type\":\"SearchAction\",\"target\":{\"@type\":\"EntryPoint\",\"urlTemplate\":\"https:\\\/\\\/www.capacitacionihcantabria.com\\\/en\\\/?s={search_term_string}\"},\"query-input\":{\"@type\":\"PropertyValueSpecification\",\"valueRequired\":true,\"valueName\":\"search_term_string\"}}],\"inLanguage\":\"en-US\"},{\"@type\":\"Organization\",\"@id\":\"https:\\\/\\\/www.capacitacionihcantabria.com\\\/en\\\/#organization\",\"name\":\"Formaci\u00f3n IHCantabria\",\"url\":\"https:\\\/\\\/www.capacitacionihcantabria.com\\\/en\\\/\",\"logo\":{\"@type\":\"ImageObject\",\"inLanguage\":\"en-US\",\"@id\":\"https:\\\/\\\/www.capacitacionihcantabria.com\\\/en\\\/#\\\/schema\\\/logo\\\/image\\\/\",\"url\":\"https:\\\/\\\/www.capacitacionihcantabria.com\\\/wp-content\\\/uploads\\\/2024\\\/02\\\/Logo-IHCantabria.png\",\"contentUrl\":\"https:\\\/\\\/www.capacitacionihcantabria.com\\\/wp-content\\\/uploads\\\/2024\\\/02\\\/Logo-IHCantabria.png\",\"width\":1200,\"height\":519,\"caption\":\"Formaci\u00f3n IHCantabria\"},\"image\":{\"@id\":\"https:\\\/\\\/www.capacitacionihcantabria.com\\\/en\\\/#\\\/schema\\\/logo\\\/image\\\/\"},\"sameAs\":[\"https:\\\/\\\/www.facebook.com\\\/IHCantabria\\\/\",\"https:\\\/\\\/x.com\\\/IHCantabria\",\"https:\\\/\\\/www.instagram.com\\\/ih.cantabria\\\/\",\"https:\\\/\\\/es.linkedin.com\\\/company\\\/ihcantabria\"],\"description\":\"En IHCantabria ofrecemos una formaci\u00f3n multidisciplinar y altamente especializada en el \u00e1mbito de la ingenier\u00eda, la biolog\u00eda y la gesti\u00f3n de los sistemas acu\u00e1ticos, de sus servicios y de las amenazas asociadas a \u00e9stos. Todo ello ha constituido un eje prioritario del desarrollo de la labor formativa de IHCantabria.\",\"email\":\"info@capacitacionihcantabria.com\",\"telephone\":\"942201616\",\"legalName\":\"FUndaci\u00f3n Insituto de Hidr\u00e1ulica ambiental de cantabria\",\"foundingDate\":\"2007-03-22\",\"numberOfEmployees\":{\"@type\":\"QuantitativeValue\",\"minValue\":\"201\",\"maxValue\":\"500\"}}]}<\/script>\n<meta property=\"og:availability\" content=\"instock\" \/>\n<meta property=\"product:availability\" content=\"instock\" \/>\n<meta property=\"product:condition\" content=\"new\" \/>\n<!-- \/ Yoast SEO Premium plugin. -->","yoast_head_json":{"title":"SMC- Sistema de Modelado Costero [Formato Presencial] | Formaci\u00f3n IHCantabria","robots":{"index":"index","follow":"follow","max-snippet":"max-snippet:-1","max-image-preview":"max-image-preview:large","max-video-preview":"max-video-preview:-1"},"canonical":"https:\/\/www.capacitacionihcantabria.com\/en\/p\/smc-sistema-de-modelado-costero-formato-presencial\/","og_locale":"en_US","og_type":"article","og_title":"SMC- Sistema de Modelado Costero [Formato Presencial]","og_description":"El Sistema de Modelado Costero, SMC, forma parte de un conjunto de herramientas y documentos elaborados en el proyecto de I+D+I denominado \u00abModelo de Ayuda a la Gesti\u00f3n del Litoral\u00bb. Dicho proyecto fue desarrollado por la Universidad de Cantabria para la Direcci\u00f3n General de Sostenibilidad de la Costa y del Mar.","og_url":"https:\/\/www.capacitacionihcantabria.com\/en\/p\/smc-sistema-de-modelado-costero-formato-presencial\/","og_site_name":"Formaci\u00f3n IHCantabria","article_publisher":"https:\/\/www.facebook.com\/IHCantabria\/","article_modified_time":"2025-02-12T13:21:00+00:00","og_image":[{"width":2560,"height":1705,"url":"https:\/\/www.capacitacionihcantabria.com\/wp-content\/uploads\/2025\/02\/nayarit-beach-2024-05-27-03-17-29-utc-scaled.jpg","type":"image\/jpeg"}],"twitter_card":"summary_large_image","twitter_site":"@IHCantabria","twitter_misc":{"Availability":"In stock"},"schema":{"@context":"https:\/\/schema.org","@graph":[{"@type":"WebPage","@id":"https:\/\/www.capacitacionihcantabria.com\/en\/p\/smc-sistema-de-modelado-costero-formato-presencial\/","url":"https:\/\/www.capacitacionihcantabria.com\/en\/p\/smc-sistema-de-modelado-costero-formato-presencial\/","name":"SMC- Sistema de Modelado Costero [Formato Presencial] | Formaci\u00f3n IHCantabria","isPartOf":{"@id":"https:\/\/www.capacitacionihcantabria.com\/en\/#website"},"primaryImageOfPage":{"@id":"https:\/\/www.capacitacionihcantabria.com\/en\/p\/smc-sistema-de-modelado-costero-formato-presencial\/#primaryimage"},"image":{"@id":"https:\/\/www.capacitacionihcantabria.com\/en\/p\/smc-sistema-de-modelado-costero-formato-presencial\/#primaryimage"},"thumbnailUrl":"https:\/\/www.capacitacionihcantabria.com\/wp-content\/uploads\/2025\/02\/nayarit-beach-2024-05-27-03-17-29-utc-scaled.jpg","datePublished":"2025-02-12T11:52:00+00:00","dateModified":"2025-02-12T13:21:00+00:00","breadcrumb":{"@id":"https:\/\/www.capacitacionihcantabria.com\/en\/p\/smc-sistema-de-modelado-costero-formato-presencial\/#breadcrumb"},"inLanguage":"en-US","potentialAction":[{"@type":"ReadAction","target":["https:\/\/www.capacitacionihcantabria.com\/en\/p\/smc-sistema-de-modelado-costero-formato-presencial\/"]}]},{"@type":"ImageObject","inLanguage":"en-US","@id":"https:\/\/www.capacitacionihcantabria.com\/en\/p\/smc-sistema-de-modelado-costero-formato-presencial\/#primaryimage","url":"https:\/\/www.capacitacionihcantabria.com\/wp-content\/uploads\/2025\/02\/nayarit-beach-2024-05-27-03-17-29-utc-scaled.jpg","contentUrl":"https:\/\/www.capacitacionihcantabria.com\/wp-content\/uploads\/2025\/02\/nayarit-beach-2024-05-27-03-17-29-utc-scaled.jpg","width":2560,"height":1705},{"@type":"BreadcrumbList","@id":"https:\/\/www.capacitacionihcantabria.com\/en\/p\/smc-sistema-de-modelado-costero-formato-presencial\/#breadcrumb","itemListElement":[{"@type":"ListItem","position":1,"name":"Portada","item":"https:\/\/www.capacitacionihcantabria.com\/en\/"},{"@type":"ListItem","position":2,"name":"Continuing education courses","item":"https:\/\/www.capacitacionihcantabria.com\/en\/shop\/"},{"@type":"ListItem","position":3,"name":"SMC- Sistema de Modelado Costero [Formato Presencial]"}]},{"@type":"WebSite","@id":"https:\/\/www.capacitacionihcantabria.com\/en\/#website","url":"https:\/\/www.capacitacionihcantabria.com\/en\/","name":"Formaci\u00f3n IHCantabria","description":"Training Platform ECCE-IH Educaci\u00f3n Continua \/ Continuing Education \u2013 IH","publisher":{"@id":"https:\/\/www.capacitacionihcantabria.com\/en\/#organization"},"alternateName":"Portal de Capacitaci\u00f3n y Formaci\u00f3n IHCantabria","potentialAction":[{"@type":"SearchAction","target":{"@type":"EntryPoint","urlTemplate":"https:\/\/www.capacitacionihcantabria.com\/en\/?s={search_term_string}"},"query-input":{"@type":"PropertyValueSpecification","valueRequired":true,"valueName":"search_term_string"}}],"inLanguage":"en-US"},{"@type":"Organization","@id":"https:\/\/www.capacitacionihcantabria.com\/en\/#organization","name":"Formaci\u00f3n IHCantabria","url":"https:\/\/www.capacitacionihcantabria.com\/en\/","logo":{"@type":"ImageObject","inLanguage":"en-US","@id":"https:\/\/www.capacitacionihcantabria.com\/en\/#\/schema\/logo\/image\/","url":"https:\/\/www.capacitacionihcantabria.com\/wp-content\/uploads\/2024\/02\/Logo-IHCantabria.png","contentUrl":"https:\/\/www.capacitacionihcantabria.com\/wp-content\/uploads\/2024\/02\/Logo-IHCantabria.png","width":1200,"height":519,"caption":"Formaci\u00f3n IHCantabria"},"image":{"@id":"https:\/\/www.capacitacionihcantabria.com\/en\/#\/schema\/logo\/image\/"},"sameAs":["https:\/\/www.facebook.com\/IHCantabria\/","https:\/\/x.com\/IHCantabria","https:\/\/www.instagram.com\/ih.cantabria\/","https:\/\/es.linkedin.com\/company\/ihcantabria"],"description":"En IHCantabria ofrecemos una formaci\u00f3n multidisciplinar y altamente especializada en el \u00e1mbito de la ingenier\u00eda, la biolog\u00eda y la gesti\u00f3n de los sistemas acu\u00e1ticos, de sus servicios y de las amenazas asociadas a \u00e9stos. Todo ello ha constituido un eje prioritario del desarrollo de la labor formativa de IHCantabria.","email":"info@capacitacionihcantabria.com","telephone":"942201616","legalName":"FUndaci\u00f3n Insituto de Hidr\u00e1ulica ambiental de cantabria","foundingDate":"2007-03-22","numberOfEmployees":{"@type":"QuantitativeValue","minValue":"201","maxValue":"500"}}]},"og_availability":"instock","product_availability":"instock","product_condition":"new"},"_links":{"self":[{"href":"https:\/\/www.capacitacionihcantabria.com\/en\/wp-json\/wp\/v2\/product\/4975","targetHints":{"allow":["GET"]}}],"collection":[{"href":"https:\/\/www.capacitacionihcantabria.com\/en\/wp-json\/wp\/v2\/product"}],"about":[{"href":"https:\/\/www.capacitacionihcantabria.com\/en\/wp-json\/wp\/v2\/types\/product"}],"replies":[{"embeddable":true,"href":"https:\/\/www.capacitacionihcantabria.com\/en\/wp-json\/wp\/v2\/comments?post=4975"}],"wp:featuredmedia":[{"embeddable":true,"href":"https:\/\/www.capacitacionihcantabria.com\/en\/wp-json\/wp\/v2\/media\/4980"}],"wp:attachment":[{"href":"https:\/\/www.capacitacionihcantabria.com\/en\/wp-json\/wp\/v2\/media?parent=4975"}],"wp:term":[{"taxonomy":"product_brand","embeddable":true,"href":"https:\/\/www.capacitacionihcantabria.com\/en\/wp-json\/wp\/v2\/product_brand?post=4975"},{"taxonomy":"product_cat","embeddable":true,"href":"https:\/\/www.capacitacionihcantabria.com\/en\/wp-json\/wp\/v2\/product_cat?post=4975"},{"taxonomy":"product_tag","embeddable":true,"href":"https:\/\/www.capacitacionihcantabria.com\/en\/wp-json\/wp\/v2\/product_tag?post=4975"}],"curies":[{"name":"wp","href":"https:\/\/api.w.org\/{rel}","templated":true}]}}