{"id":5328,"date":"2025-10-21T14:34:24","date_gmt":"2025-10-21T12:34:24","guid":{"rendered":"https:\/\/www.capacitacionihcantabria.com\/rom-5-1\/"},"modified":"2026-04-30T15:07:57","modified_gmt":"2026-04-30T13:07:57","slug":"rom-5-1","status":"publish","type":"page","link":"https:\/\/www.capacitacionihcantabria.com\/en\/rom-5-1\/","title":{"rendered":"ROM 5.1 Port Waters&#8217; Quality"},"content":{"rendered":"<div class=\"wpb-content-wrapper\"><p>[vc_row full_width=&#8221;stretch_row&#8221; content_placement=&#8221;bottom&#8221; parallax=&#8221;content-moving&#8221; parallax_image=&#8221;5321&#8243; css_animation=&#8221;fadeIn&#8221; is_section=&#8221;yes&#8221; section_skin=&#8221;light&#8221; conditional_render=&#8221;%5B%7B%22value_role%22%3A%22administrator%22%7D%5D&#8221; css=&#8221;.vc_custom_1761051534362{margin-top: 0px !important;border-bottom-width: 10px !important;padding-top: 15% !important;padding-bottom: 20% !important;border-bottom-style: solid !important;border-color: #4992ac !important;}&#8221; el_id=&#8221;up&#8221; css_params=&#8221;&#8221;][vc_column width=&#8221;1\/2&#8243;][vc_column_text css=&#8221;&#8221; css_params=&#8221;&#8221;]<\/p>\n<h2><span style=\"color: #ffffff; font-weight: 600;\">ROM 5.1 Port Waters\u00b4 Quality<\/span><\/h2>\n<p>[\/vc_column_text][\/vc_column][vc_column width=&#8221;1\/2&#8243;][\/vc_column][\/vc_row][vc_row wrap_container=&#8221;yes&#8221; conditional_render=&#8221;%5B%7B%22value_role%22%3A%22administrator%22%7D%5D&#8221; css=&#8221;.vc_custom_1710874364567{padding-top: 20px !important;padding-bottom: 10px !important;}&#8221;][vc_column][vc_column_text css=&#8221;&#8221; el_class=&#8221;breadcrumb&#8221; css_params=&#8221;&#8221;]<a href=\"\/\">Home<\/a> | <a href=\"https:\/\/www.capacitacionihcantabria.com\/en\/specialization\/\">Specialization Courses<\/a> | <strong>Certificate of University Microcredential in ROM 5.1<\/strong>[\/vc_column_text][\/vc_column][\/vc_row][vc_row full_width=&#8221;stretch_row&#8221; wrap_container=&#8221;yes&#8221; content_placement=&#8221;middle&#8221; css=&#8221;.vc_custom_1713946466410{background-color: #e8e8e8 !important;}&#8221; conditional_render=&#8221;%5B%7B%22value_role%22%3A%22administrator%22%7D%5D&#8221;][vc_column width=&#8221;5\/6&#8243; css=&#8221;.vc_custom_1713946331293{padding-top: 2% !important;padding-bottom: 2% !important;}&#8221; conditional_render=&#8221;%5B%7B%22value_role%22%3A%22administrator%22%7D%5D&#8221;][vc_row_inner wrap_container=&#8221;yes&#8221; css=&#8221;.vc_custom_1713946460121{border-right-width: 4px !important;padding-right: 5% !important;border-right-color: #ffffff !important;}&#8221;][vc_column_inner width=&#8221;1\/2&#8243;][vc_column_text css=&#8221;&#8221; css_params=&#8221;&#8221;]<\/p>\n<ul>\n<li><strong>Dates<\/strong>: 01\/06\/2026 &#8211; 31\/07\/2026<\/li>\n<li><b><span data-contrast=\"auto\">Hours of study:<\/span><\/b><span data-contrast=\"auto\"> 3 ECTS<\/span><\/li>\n<li><b><span data-contrast=\"auto\">Price:<\/span><\/b><span data-contrast=\"auto\"> 300\u20ac<\/span><\/li>\n<li><strong>Scholarships Enrolment:<\/strong> 9 scholarships of 300\u20ac<strong><a href=\"https:\/\/app.santanderopenacademy.com\/es\/program\/microcredenciales-2026-i-edicion\"> (Apply for Banco Santander scholarship)<\/a><\/strong><span style=\"color: #ff0000;\"> (Applying for the scholarship does not exempt from the pre-enrolment process)<\/span><\/li>\n<li><strong>Application deadline:<\/strong> 20\/05\/2026<\/li>\n<li><b><span data-contrast=\"auto\">Language:<\/span><\/b><span data-contrast=\"auto\"> Spanish (subtitles in Spanish and English)<\/span><\/li>\n<\/ul>\n<div class=\"page\" title=\"Page 1\">\n<div class=\"layoutArea\">\n<div class=\"column\"><\/div>\n<\/div>\n<\/div>\n<p>[\/vc_column_text][\/vc_column_inner][vc_column_inner width=&#8221;1\/2&#8243; css=&#8221;.vc_custom_1713946502135{border-right-width: 4px !important;border-right-color: #ffffff !important;border-right-style: solid !important;}&#8221;][vc_column_text css=&#8221;&#8221; css_params=&#8221;&#8221;]<\/p>\n<ul>\n<li><b><span data-contrast=\"auto\">Modality:<\/span><\/b><span data-contrast=\"auto\"> Virtual asynchronous (T)<\/span><\/li>\n<li><strong>Key dates:<\/strong>\n<ul>\n<li><strong>Pre-registration:<\/strong> until 22\/05\/2026<\/li>\n<li><strong>Admission:<\/strong> 10\/04\/2026 &#8211; 26\/05\/2026<\/li>\n<li><strong>Registration:<\/strong> 14\/04\/2026 &#8211; 29\/05\/2026<\/li>\n<\/ul>\n<\/li>\n<li><b><span data-contrast=\"auto\">Requirements: <\/span><\/b><span data-contrast=\"auto\">Internet<\/span><span data-ccp-props=\"{}\">\u00a0<\/span><\/li>\n<li><b><span data-contrast=\"auto\">Evaluation system<\/span><\/b><span data-contrast=\"auto\">: Online<\/span><\/li>\n<li><b><span data-contrast=\"auto\">Type of certificate:<\/span><\/b><span data-contrast=\"auto\"> Microcredential certified by the University of Cantabria<\/span><\/li>\n<\/ul>\n<p>[\/vc_column_text][\/vc_column_inner][\/vc_row_inner][\/vc_column][vc_column width=&#8221;1\/6&#8243; text_align=&#8221;center&#8221; conditional_render=&#8221;%5B%7B%22value_role%22%3A%22administrator%22%7D%5D&#8221;][vc_column_text css=&#8221;&#8221; css_params=&#8221;&#8221;]Read carefully the <a href=\"https:\/\/www.capacitacionihcantabria.com\/wp-content\/uploads\/2024\/10\/INFO-Registro-Tit_Propios-UC_EN.pdf\"><strong> ENROLMENT INSTRUCTIONS <i class=\"fa-solid fa-file-pdf\"><\/i><\/strong><\/a>[\/vc_column_text][vc_btn title=&#8221;Pre-register HERE&#8221; style=&#8221;flat&#8221; skin=&#8221;primary&#8221; btn_fs=&#8221;18px&#8221; btn_fw=&#8221;400&#8243; link=&#8221;url:https%3A%2F%2Fweb.unican.es%2Fadmision%2Facceso-a-titulos-propios%2Fpreinscripcion|title:Register%20here|target:_blank|&#8221; css_params=&#8221;&#8221;][\/vc_column][\/vc_row][vc_row wrap_container=&#8221;yes&#8221; gap=&#8221;20&#8243; equal_height=&#8221;yes&#8221; content_placement=&#8221;middle&#8221; text_align=&#8221;center&#8221; css=&#8221;.vc_custom_1711387482587{margin-top: 4% !important;margin-right: 0px !important;margin-bottom: 4% !important;margin-left: 0px !important;padding-top: 10px !important;padding-bottom: 10px !important;}&#8221; conditional_render=&#8221;%5B%7B%22value_role%22%3A%22administrator%22%7D%5D&#8221;][vc_column width=&#8221;1\/4&#8243; text_align=&#8221;left&#8221; conditional_render=&#8221;%5B%7B%22value_role%22%3A%22administrator%22%7D%5D&#8221; css=&#8221;.vc_custom_1710340358182{padding-top: 10px !important;}&#8221;][vc_btn title=&#8221;Academic Guide&#8221; style=&#8221;outline&#8221; shape=&#8221;square&#8221; color=&#8221;default&#8221; size=&#8221;xl&#8221; align=&#8221;center&#8221; i_align=&#8221;right&#8221; i_icon_fontawesome=&#8221;fas fa-chalkboard-teacher&#8221; skin=&#8221;tertiary&#8221; hover_effect=&#8221;hover-icon-left&#8221; button_block=&#8221;true&#8221; add_icon=&#8221;true&#8221; link=&#8221;url:https%3A%2F%2Fwww.capacitacionihcantabria.com%2Fwp-content%2Fuploads%2F2026%2F03%2FPlanDocente_ROM_2026.pdf|&#8221; btn_icon_spacing=&#8221;{&#8220;xl&#8220;:&#8220;20&#8220;,&#8220;unit&#8220;:&#8220;&#8220;,&#8220;xs&#8220;:&#8220;&#8220;,&#8220;sm&#8220;:&#8220;&#8220;,&#8220;md&#8220;:&#8220;&#8220;,&#8220;lg&#8220;:&#8220;&#8220;}&#8221; css_params=&#8221;&#8221;][\/vc_column][vc_column width=&#8221;1\/4&#8243; text_align=&#8221;left&#8221; conditional_render=&#8221;%5B%7B%22value_role%22%3A%22administrator%22%7D%5D&#8221; css=&#8221;.vc_custom_1710340352572{padding-top: 10px !important;}&#8221;][vc_btn title=&#8221;Website&#8221; style=&#8221;outline&#8221; shape=&#8221;square&#8221; color=&#8221;default&#8221; size=&#8221;xl&#8221; align=&#8221;center&#8221; i_align=&#8221;right&#8221; i_icon_fontawesome=&#8221;fas fa-external-link-alt&#8221; skin=&#8221;tertiary&#8221; hover_effect=&#8221;hover-icon-left&#8221; button_block=&#8221;true&#8221; add_icon=&#8221;true&#8221; link=&#8221;url:https%3A%2F%2Fweb.unican.es%2Festudios%2Festudios-propios%2Finformacion-estudios-propios-de-posgrado%2Fdetalle-estudios-propios%3Fe%3D1125|target:_blank|&#8221; btn_icon_spacing=&#8221;{&#8220;xl&#8220;:&#8220;20&#8220;,&#8220;unit&#8220;:&#8220;&#8220;,&#8220;xs&#8220;:&#8220;&#8220;,&#8220;sm&#8220;:&#8220;&#8220;,&#8220;md&#8220;:&#8220;&#8220;,&#8220;lg&#8220;:&#8220;&#8220;}&#8221; css_params=&#8221;&#8221;][\/vc_column][vc_column width=&#8221;1\/4&#8243; text_align=&#8221;left&#8221; conditional_render=&#8221;%5B%7B%22value_role%22%3A%22administrator%22%7D%5D&#8221; css=&#8221;.vc_custom_1710340347740{padding-top: 10px !important;}&#8221;][vc_btn title=&#8221;Teaching guide&#8221; style=&#8221;outline&#8221; shape=&#8221;square&#8221; color=&#8221;default&#8221; size=&#8221;xl&#8221; align=&#8221;center&#8221; i_align=&#8221;right&#8221; i_icon_fontawesome=&#8221;fas fa-book-reader&#8221; skin=&#8221;tertiary&#8221; hover_effect=&#8221;hover-icon-left&#8221; button_block=&#8221;true&#8221; add_icon=&#8221;true&#8221; link=&#8221;url:https%3A%2F%2Fwww.capacitacionihcantabria.com%2Fwp-content%2Fuploads%2F2026%2F03%2FII_Guia-docente-ROM-5.1_2026.pdf|target:_blank|&#8221; btn_icon_spacing=&#8221;{&#8220;xl&#8220;:&#8220;20&#8220;,&#8220;unit&#8220;:&#8220;&#8220;,&#8220;xs&#8220;:&#8220;&#8220;,&#8220;sm&#8220;:&#8220;&#8220;,&#8220;md&#8220;:&#8220;&#8220;,&#8220;lg&#8220;:&#8220;&#8220;}&#8221; css_params=&#8221;&#8221;][\/vc_column][vc_column width=&#8221;1\/4&#8243; text_align=&#8221;left&#8221; conditional_render=&#8221;%5B%7B%22value_role%22%3A%22administrator%22%7D%5D&#8221; css=&#8221;.vc_custom_1710340343237{padding-top: 10px !important;}&#8221;][vc_btn title=&#8221;Link to the course&#8221; style=&#8221;outline&#8221; shape=&#8221;square&#8221; color=&#8221;default&#8221; size=&#8221;xl&#8221; align=&#8221;center&#8221; i_align=&#8221;right&#8221; i_icon_fontawesome=&#8221;fas fa-long-arrow-alt-right&#8221; skin=&#8221;tertiary&#8221; hover_effect=&#8221;hover-icon-left&#8221; button_block=&#8221;true&#8221; add_icon=&#8221;true&#8221; btn_icon_spacing=&#8221;{&#8220;xl&#8220;:&#8220;20&#8220;,&#8220;unit&#8220;:&#8220;&#8220;,&#8220;xs&#8220;:&#8220;&#8220;,&#8220;sm&#8220;:&#8220;&#8220;,&#8220;md&#8220;:&#8220;&#8220;,&#8220;lg&#8220;:&#8220;&#8220;}&#8221; link=&#8221;url:https%3A%2F%2Faulavirtual.unican.es%2F|target:_blank|&#8221; css_params=&#8221;&#8221;][\/vc_column][\/vc_row][vc_row wrap_container=&#8221;yes&#8221; gap=&#8221;35&#8243; content_placement=&#8221;middle&#8221; css=&#8221;.vc_custom_1711387495936{margin-top: 30px !important;margin-bottom: 4% !important;}&#8221; conditional_render=&#8221;%5B%7B%22value_role%22%3A%22administrator%22%7D%5D&#8221;][vc_column width=&#8221;2\/3&#8243;][vc_column_text css=&#8221;.vc_custom_1776947325035{padding-right: 10% !important;}&#8221; css_params=&#8221;&#8221;]This <strong>University Microcredential<\/strong> goes deeper into the concepts and methodologies applied to manage the quality of port waters, taking as a reference the ROM 5.1, the technical standard adopted by the Spanish port sector for the emissions produced in its environment, and introducing other complementary techniques that allow assessing the environmental risks associated with different types of port facilities (commercial ports, marinas, fishing ports) and different types of pollutant emissions (e.g. accidental spills, ballast water).[\/vc_column_text][\/vc_column][vc_column width=&#8221;1\/3&#8243;][vc_single_image image=&#8221;5759&#8243; img_size=&#8221;large&#8221; css=&#8221;&#8221; label=&#8221;&#8221; css_params=&#8221;&#8221;][\/vc_column][\/vc_row]<\/p>\n<\/div>","protected":false},"excerpt":{"rendered":"<p>[vc_row full_width=&#8221;stretch_row&#8221; content_placement=&#8221;bottom&#8221; parallax=&#8221;content-moving&#8221; parallax_image=&#8221;5321&#8243; css_animation=&#8221;fadeIn&#8221; is_section=&#8221;yes&#8221; section_skin=&#8221;light&#8221; conditional_render=&#8221;%5B%7B%22value_role%22%3A%22administrator%22%7D%5D&#8221; css=&#8221;.vc_custom_1761051534362{margin-top: 0px !important;border-bottom-width: 10px !important;padding-top: 15% !important;padding-bottom: 20% !important;border-bottom-style: solid !important;border-color: #4992ac !important;}&#8221; el_id=&#8221;up&#8221; css_params=&#8221;&#8221;][vc_column width=&#8221;1\/2&#8243;][vc_column_text css=&#8221;&#8221; css_params=&#8221;&#8221;] ROM 5.1 Port Waters\u00b4 Quality [\/vc_column_text][\/vc_column][vc_column width=&#8221;1\/2&#8243;][\/vc_column][\/vc_row][vc_row wrap_container=&#8221;yes&#8221; conditional_render=&#8221;%5B%7B%22value_role%22%3A%22administrator%22%7D%5D&#8221; css=&#8221;.vc_custom_1710874364567{padding-top: 20px !important;padding-bottom: 10px !important;}&#8221;][vc_column][vc_column_text css=&#8221;&#8221; el_class=&#8221;breadcrumb&#8221; css_params=&#8221;&#8221;]Home | Specialization Courses | Certificate of University Microcredential in ROM 5.1[\/vc_column_text][\/vc_column][\/vc_row][vc_row [&hellip;]<\/p>\n","protected":false},"author":5,"featured_media":5314,"parent":0,"menu_order":0,"comment_status":"closed","ping_status":"closed","template":"","meta":{"footnotes":""},"class_list":["post-5328","page","type-page","status-publish","has-post-thumbnail","hentry"],"yoast_head":"<!-- This site is optimized with the Yoast SEO Premium plugin v27.4 (Yoast SEO v27.6) - https:\/\/yoast.com\/product\/yoast-seo-premium-wordpress\/ -->\n<title>ROM 5.1 Port Waters&#039; Quality | Formaci\u00f3n IHCantabria<\/title>\n<meta name=\"robots\" content=\"index, follow, max-snippet:-1, max-image-preview:large, max-video-preview:-1\" \/>\n<link rel=\"canonical\" href=\"https:\/\/www.capacitacionihcantabria.com\/en\/rom-5-1\/\" \/>\n<meta property=\"og:locale\" content=\"en_US\" \/>\n<meta property=\"og:type\" content=\"article\" \/>\n<meta property=\"og:title\" content=\"ROM 5.1 Port Waters&#039; Quality\" \/>\n<meta property=\"og:description\" content=\"[vc_row full_width=&#8221;stretch_row&#8221; content_placement=&#8221;bottom&#8221; parallax=&#8221;content-moving&#8221; parallax_image=&#8221;5321&#8243; css_animation=&#8221;fadeIn&#8221; is_section=&#8221;yes&#8221; section_skin=&#8221;light&#8221; conditional_render=&#8221;%5B%7B%22value_role%22%3A%22administrator%22%7D%5D&#8221; css=&#8221;.vc_custom_1761051534362{margin-top: 0px !important;border-bottom-width: 10px !important;padding-top: 15% !important;padding-bottom: 20% !important;border-bottom-style: solid !important;border-color: #4992ac !important;}&#8221; el_id=&#8221;up&#8221; css_params=&#8221;&#8221;][vc_column width=&#8221;1\/2&#8243;][vc_column_text css=&#8221;&#8221; css_params=&#8221;&#8221;] ROM 5.1 Port Waters\u00b4 Quality [\/vc_column_text][\/vc_column][vc_column width=&#8221;1\/2&#8243;][\/vc_column][\/vc_row][vc_row wrap_container=&#8221;yes&#8221; conditional_render=&#8221;%5B%7B%22value_role%22%3A%22administrator%22%7D%5D&#8221; css=&#8221;.vc_custom_1710874364567{padding-top: 20px !important;padding-bottom: 10px !important;}&#8221;][vc_column][vc_column_text css=&#8221;&#8221; el_class=&#8221;breadcrumb&#8221; css_params=&#8221;&#8221;]Home | Specialization Courses | Certificate of University Microcredential in ROM 5.1[\/vc_column_text][\/vc_column][\/vc_row][vc_row [&hellip;]\" \/>\n<meta property=\"og:url\" content=\"https:\/\/www.capacitacionihcantabria.com\/en\/rom-5-1\/\" \/>\n<meta property=\"og:site_name\" content=\"Formaci\u00f3n IHCantabria\" \/>\n<meta property=\"article:publisher\" content=\"https:\/\/www.facebook.com\/IHCantabria\/\" \/>\n<meta property=\"article:modified_time\" content=\"2026-04-30T13:07:57+00:00\" \/>\n<meta property=\"og:image\" content=\"https:\/\/www.capacitacionihcantabria.com\/wp-content\/uploads\/2025\/10\/r3.jpeg\" \/>\n\t<meta property=\"og:image:width\" content=\"393\" \/>\n\t<meta property=\"og:image:height\" content=\"376\" \/>\n\t<meta property=\"og:image:type\" content=\"image\/jpeg\" \/>\n<meta name=\"twitter:card\" content=\"summary_large_image\" \/>\n<meta name=\"twitter:site\" content=\"@IHCantabria\" \/>\n<meta name=\"twitter:label1\" content=\"Est. reading time\" \/>\n\t<meta name=\"twitter:data1\" content=\"3 minutes\" \/>\n<script type=\"application\/ld+json\" class=\"yoast-schema-graph\">{\"@context\":\"https:\\\/\\\/schema.org\",\"@graph\":[{\"@type\":\"WebPage\",\"@id\":\"https:\\\/\\\/www.capacitacionihcantabria.com\\\/en\\\/rom-5-1\\\/\",\"url\":\"https:\\\/\\\/www.capacitacionihcantabria.com\\\/en\\\/rom-5-1\\\/\",\"name\":\"ROM 5.1 Port Waters' Quality | Formaci\u00f3n IHCantabria\",\"isPartOf\":{\"@id\":\"https:\\\/\\\/www.capacitacionihcantabria.com\\\/en\\\/#website\"},\"primaryImageOfPage\":{\"@id\":\"https:\\\/\\\/www.capacitacionihcantabria.com\\\/en\\\/rom-5-1\\\/#primaryimage\"},\"image\":{\"@id\":\"https:\\\/\\\/www.capacitacionihcantabria.com\\\/en\\\/rom-5-1\\\/#primaryimage\"},\"thumbnailUrl\":\"https:\\\/\\\/www.capacitacionihcantabria.com\\\/wp-content\\\/uploads\\\/2025\\\/10\\\/r3.jpeg\",\"datePublished\":\"2025-10-21T12:34:24+00:00\",\"dateModified\":\"2026-04-30T13:07:57+00:00\",\"breadcrumb\":{\"@id\":\"https:\\\/\\\/www.capacitacionihcantabria.com\\\/en\\\/rom-5-1\\\/#breadcrumb\"},\"inLanguage\":\"en-US\",\"potentialAction\":[{\"@type\":\"ReadAction\",\"target\":[\"https:\\\/\\\/www.capacitacionihcantabria.com\\\/en\\\/rom-5-1\\\/\"]}]},{\"@type\":\"ImageObject\",\"inLanguage\":\"en-US\",\"@id\":\"https:\\\/\\\/www.capacitacionihcantabria.com\\\/en\\\/rom-5-1\\\/#primaryimage\",\"url\":\"https:\\\/\\\/www.capacitacionihcantabria.com\\\/wp-content\\\/uploads\\\/2025\\\/10\\\/r3.jpeg\",\"contentUrl\":\"https:\\\/\\\/www.capacitacionihcantabria.com\\\/wp-content\\\/uploads\\\/2025\\\/10\\\/r3.jpeg\",\"width\":393,\"height\":376},{\"@type\":\"BreadcrumbList\",\"@id\":\"https:\\\/\\\/www.capacitacionihcantabria.com\\\/en\\\/rom-5-1\\\/#breadcrumb\",\"itemListElement\":[{\"@type\":\"ListItem\",\"position\":1,\"name\":\"Portada\",\"item\":\"https:\\\/\\\/www.capacitacionihcantabria.com\\\/en\\\/\"},{\"@type\":\"ListItem\",\"position\":2,\"name\":\"ROM 5.1 Port Waters&#8217; Quality\"}]},{\"@type\":\"WebSite\",\"@id\":\"https:\\\/\\\/www.capacitacionihcantabria.com\\\/en\\\/#website\",\"url\":\"https:\\\/\\\/www.capacitacionihcantabria.com\\\/en\\\/\",\"name\":\"Formaci\u00f3n IHCantabria\",\"description\":\"Training Platform ECCE-IH Educaci\u00f3n Continua \\\/ Continuing Education \u2013 IH\",\"publisher\":{\"@id\":\"https:\\\/\\\/www.capacitacionihcantabria.com\\\/en\\\/#organization\"},\"alternateName\":\"Portal de Capacitaci\u00f3n y Formaci\u00f3n IHCantabria\",\"potentialAction\":[{\"@type\":\"SearchAction\",\"target\":{\"@type\":\"EntryPoint\",\"urlTemplate\":\"https:\\\/\\\/www.capacitacionihcantabria.com\\\/en\\\/?s={search_term_string}\"},\"query-input\":{\"@type\":\"PropertyValueSpecification\",\"valueRequired\":true,\"valueName\":\"search_term_string\"}}],\"inLanguage\":\"en-US\"},{\"@type\":\"Organization\",\"@id\":\"https:\\\/\\\/www.capacitacionihcantabria.com\\\/en\\\/#organization\",\"name\":\"Formaci\u00f3n IHCantabria\",\"url\":\"https:\\\/\\\/www.capacitacionihcantabria.com\\\/en\\\/\",\"logo\":{\"@type\":\"ImageObject\",\"inLanguage\":\"en-US\",\"@id\":\"https:\\\/\\\/www.capacitacionihcantabria.com\\\/en\\\/#\\\/schema\\\/logo\\\/image\\\/\",\"url\":\"https:\\\/\\\/www.capacitacionihcantabria.com\\\/wp-content\\\/uploads\\\/2024\\\/02\\\/Logo-IHCantabria.png\",\"contentUrl\":\"https:\\\/\\\/www.capacitacionihcantabria.com\\\/wp-content\\\/uploads\\\/2024\\\/02\\\/Logo-IHCantabria.png\",\"width\":1200,\"height\":519,\"caption\":\"Formaci\u00f3n IHCantabria\"},\"image\":{\"@id\":\"https:\\\/\\\/www.capacitacionihcantabria.com\\\/en\\\/#\\\/schema\\\/logo\\\/image\\\/\"},\"sameAs\":[\"https:\\\/\\\/www.facebook.com\\\/IHCantabria\\\/\",\"https:\\\/\\\/x.com\\\/IHCantabria\",\"https:\\\/\\\/www.instagram.com\\\/ih.cantabria\\\/\",\"https:\\\/\\\/es.linkedin.com\\\/company\\\/ihcantabria\"],\"description\":\"En IHCantabria ofrecemos una formaci\u00f3n multidisciplinar y altamente especializada en el \u00e1mbito de la ingenier\u00eda, la biolog\u00eda y la gesti\u00f3n de los sistemas acu\u00e1ticos, de sus servicios y de las amenazas asociadas a \u00e9stos. Todo ello ha constituido un eje prioritario del desarrollo de la labor formativa de IHCantabria.\",\"email\":\"info@capacitacionihcantabria.com\",\"telephone\":\"942201616\",\"legalName\":\"FUndaci\u00f3n Insituto de Hidr\u00e1ulica ambiental de cantabria\",\"foundingDate\":\"2007-03-22\",\"numberOfEmployees\":{\"@type\":\"QuantitativeValue\",\"minValue\":\"201\",\"maxValue\":\"500\"}}]}<\/script>\n<!-- \/ Yoast SEO Premium plugin. -->","yoast_head_json":{"title":"ROM 5.1 Port Waters' Quality | Formaci\u00f3n IHCantabria","robots":{"index":"index","follow":"follow","max-snippet":"max-snippet:-1","max-image-preview":"max-image-preview:large","max-video-preview":"max-video-preview:-1"},"canonical":"https:\/\/www.capacitacionihcantabria.com\/en\/rom-5-1\/","og_locale":"en_US","og_type":"article","og_title":"ROM 5.1 Port Waters' Quality","og_description":"[vc_row full_width=&#8221;stretch_row&#8221; content_placement=&#8221;bottom&#8221; parallax=&#8221;content-moving&#8221; parallax_image=&#8221;5321&#8243; css_animation=&#8221;fadeIn&#8221; is_section=&#8221;yes&#8221; section_skin=&#8221;light&#8221; conditional_render=&#8221;%5B%7B%22value_role%22%3A%22administrator%22%7D%5D&#8221; css=&#8221;.vc_custom_1761051534362{margin-top: 0px !important;border-bottom-width: 10px !important;padding-top: 15% !important;padding-bottom: 20% !important;border-bottom-style: solid !important;border-color: #4992ac !important;}&#8221; el_id=&#8221;up&#8221; css_params=&#8221;&#8221;][vc_column width=&#8221;1\/2&#8243;][vc_column_text css=&#8221;&#8221; css_params=&#8221;&#8221;] ROM 5.1 Port Waters\u00b4 Quality [\/vc_column_text][\/vc_column][vc_column width=&#8221;1\/2&#8243;][\/vc_column][\/vc_row][vc_row wrap_container=&#8221;yes&#8221; conditional_render=&#8221;%5B%7B%22value_role%22%3A%22administrator%22%7D%5D&#8221; css=&#8221;.vc_custom_1710874364567{padding-top: 20px !important;padding-bottom: 10px !important;}&#8221;][vc_column][vc_column_text css=&#8221;&#8221; el_class=&#8221;breadcrumb&#8221; css_params=&#8221;&#8221;]Home | Specialization Courses | Certificate of University Microcredential in ROM 5.1[\/vc_column_text][\/vc_column][\/vc_row][vc_row [&hellip;]","og_url":"https:\/\/www.capacitacionihcantabria.com\/en\/rom-5-1\/","og_site_name":"Formaci\u00f3n IHCantabria","article_publisher":"https:\/\/www.facebook.com\/IHCantabria\/","article_modified_time":"2026-04-30T13:07:57+00:00","og_image":[{"width":393,"height":376,"url":"https:\/\/www.capacitacionihcantabria.com\/wp-content\/uploads\/2025\/10\/r3.jpeg","type":"image\/jpeg"}],"twitter_card":"summary_large_image","twitter_site":"@IHCantabria","twitter_misc":{"Est. reading time":"3 minutes"},"schema":{"@context":"https:\/\/schema.org","@graph":[{"@type":"WebPage","@id":"https:\/\/www.capacitacionihcantabria.com\/en\/rom-5-1\/","url":"https:\/\/www.capacitacionihcantabria.com\/en\/rom-5-1\/","name":"ROM 5.1 Port Waters' Quality | Formaci\u00f3n IHCantabria","isPartOf":{"@id":"https:\/\/www.capacitacionihcantabria.com\/en\/#website"},"primaryImageOfPage":{"@id":"https:\/\/www.capacitacionihcantabria.com\/en\/rom-5-1\/#primaryimage"},"image":{"@id":"https:\/\/www.capacitacionihcantabria.com\/en\/rom-5-1\/#primaryimage"},"thumbnailUrl":"https:\/\/www.capacitacionihcantabria.com\/wp-content\/uploads\/2025\/10\/r3.jpeg","datePublished":"2025-10-21T12:34:24+00:00","dateModified":"2026-04-30T13:07:57+00:00","breadcrumb":{"@id":"https:\/\/www.capacitacionihcantabria.com\/en\/rom-5-1\/#breadcrumb"},"inLanguage":"en-US","potentialAction":[{"@type":"ReadAction","target":["https:\/\/www.capacitacionihcantabria.com\/en\/rom-5-1\/"]}]},{"@type":"ImageObject","inLanguage":"en-US","@id":"https:\/\/www.capacitacionihcantabria.com\/en\/rom-5-1\/#primaryimage","url":"https:\/\/www.capacitacionihcantabria.com\/wp-content\/uploads\/2025\/10\/r3.jpeg","contentUrl":"https:\/\/www.capacitacionihcantabria.com\/wp-content\/uploads\/2025\/10\/r3.jpeg","width":393,"height":376},{"@type":"BreadcrumbList","@id":"https:\/\/www.capacitacionihcantabria.com\/en\/rom-5-1\/#breadcrumb","itemListElement":[{"@type":"ListItem","position":1,"name":"Portada","item":"https:\/\/www.capacitacionihcantabria.com\/en\/"},{"@type":"ListItem","position":2,"name":"ROM 5.1 Port Waters&#8217; Quality"}]},{"@type":"WebSite","@id":"https:\/\/www.capacitacionihcantabria.com\/en\/#website","url":"https:\/\/www.capacitacionihcantabria.com\/en\/","name":"Formaci\u00f3n IHCantabria","description":"Training Platform ECCE-IH Educaci\u00f3n Continua \/ Continuing Education \u2013 IH","publisher":{"@id":"https:\/\/www.capacitacionihcantabria.com\/en\/#organization"},"alternateName":"Portal de Capacitaci\u00f3n y Formaci\u00f3n IHCantabria","potentialAction":[{"@type":"SearchAction","target":{"@type":"EntryPoint","urlTemplate":"https:\/\/www.capacitacionihcantabria.com\/en\/?s={search_term_string}"},"query-input":{"@type":"PropertyValueSpecification","valueRequired":true,"valueName":"search_term_string"}}],"inLanguage":"en-US"},{"@type":"Organization","@id":"https:\/\/www.capacitacionihcantabria.com\/en\/#organization","name":"Formaci\u00f3n IHCantabria","url":"https:\/\/www.capacitacionihcantabria.com\/en\/","logo":{"@type":"ImageObject","inLanguage":"en-US","@id":"https:\/\/www.capacitacionihcantabria.com\/en\/#\/schema\/logo\/image\/","url":"https:\/\/www.capacitacionihcantabria.com\/wp-content\/uploads\/2024\/02\/Logo-IHCantabria.png","contentUrl":"https:\/\/www.capacitacionihcantabria.com\/wp-content\/uploads\/2024\/02\/Logo-IHCantabria.png","width":1200,"height":519,"caption":"Formaci\u00f3n IHCantabria"},"image":{"@id":"https:\/\/www.capacitacionihcantabria.com\/en\/#\/schema\/logo\/image\/"},"sameAs":["https:\/\/www.facebook.com\/IHCantabria\/","https:\/\/x.com\/IHCantabria","https:\/\/www.instagram.com\/ih.cantabria\/","https:\/\/es.linkedin.com\/company\/ihcantabria"],"description":"En IHCantabria ofrecemos una formaci\u00f3n multidisciplinar y altamente especializada en el \u00e1mbito de la ingenier\u00eda, la biolog\u00eda y la gesti\u00f3n de los sistemas acu\u00e1ticos, de sus servicios y de las amenazas asociadas a \u00e9stos. Todo ello ha constituido un eje prioritario del desarrollo de la labor formativa de IHCantabria.","email":"info@capacitacionihcantabria.com","telephone":"942201616","legalName":"FUndaci\u00f3n Insituto de Hidr\u00e1ulica ambiental de cantabria","foundingDate":"2007-03-22","numberOfEmployees":{"@type":"QuantitativeValue","minValue":"201","maxValue":"500"}}]}},"_links":{"self":[{"href":"https:\/\/www.capacitacionihcantabria.com\/en\/wp-json\/wp\/v2\/pages\/5328","targetHints":{"allow":["GET"]}}],"collection":[{"href":"https:\/\/www.capacitacionihcantabria.com\/en\/wp-json\/wp\/v2\/pages"}],"about":[{"href":"https:\/\/www.capacitacionihcantabria.com\/en\/wp-json\/wp\/v2\/types\/page"}],"author":[{"embeddable":true,"href":"https:\/\/www.capacitacionihcantabria.com\/en\/wp-json\/wp\/v2\/users\/5"}],"replies":[{"embeddable":true,"href":"https:\/\/www.capacitacionihcantabria.com\/en\/wp-json\/wp\/v2\/comments?post=5328"}],"version-history":[{"count":23,"href":"https:\/\/www.capacitacionihcantabria.com\/en\/wp-json\/wp\/v2\/pages\/5328\/revisions"}],"predecessor-version":[{"id":5829,"href":"https:\/\/www.capacitacionihcantabria.com\/en\/wp-json\/wp\/v2\/pages\/5328\/revisions\/5829"}],"wp:featuredmedia":[{"embeddable":true,"href":"https:\/\/www.capacitacionihcantabria.com\/en\/wp-json\/wp\/v2\/media\/5314"}],"wp:attachment":[{"href":"https:\/\/www.capacitacionihcantabria.com\/en\/wp-json\/wp\/v2\/media?parent=5328"}],"curies":[{"name":"wp","href":"https:\/\/api.w.org\/{rel}","templated":true}]}}