{"id":5075,"date":"2024-08-05T11:00:35","date_gmt":"2024-08-05T09:00:35","guid":{"rendered":"https:\/\/www.capacitacionihcantabria.com\/brihne-papers\/"},"modified":"2025-02-28T13:41:45","modified_gmt":"2025-02-28T12:41:45","slug":"brihne-papers","status":"publish","type":"page","link":"https:\/\/www.capacitacionihcantabria.com\/en\/brihne-papers\/","title":{"rendered":"Brihne Papers"},"content":{"rendered":"<div class=\"wpb-content-wrapper\"><p>[vc_section full_width=&#8221;stretch_row&#8221; content_placement=&#8221;middle&#8221; parallax=&#8221;content-moving&#8221; parallax_image=&#8221;3659&#8243; conditional_render=&#8221;%5B%7B%22value_role%22%3A%22administrator%22%7D%5D&#8221;][vc_row full_width=&#8221;stretch_row&#8221; css=&#8221;.vc_custom_1713949413664{padding-top: 10% !important;padding-bottom: 5% !important;}&#8221; conditional_render=&#8221;%5B%7B%22value_role%22%3A%22administrator%22%7D%5D&#8221;][vc_column][vc_column_text css=&#8221;&#8221;]<\/p>\n<h3 style=\"font-size: 50px; font-weight: 600; color: #ffffff;\">brIHne Papers<\/h3>\n<p>[\/vc_column_text][\/vc_column][\/vc_row][\/vc_section][vc_row wrap_container=&#8221;yes&#8221; el_class=&#8221;m-t-xxl p-t-lg m-b-lg pb-4&#8243;][vc_column]<div class=\"porto-u-heading  wpb_custom_0766cf6320ef56eeff86c3bbeee7c186 porto-u-ad87e2eaf3f9c495180fe0156ddf3eb0 \" data-appear-animation=\"fadeInUp\" data-appear-animation-delay=\"400\" data-appear-animation-duration=\"1500\"><div class=\"porto-u-main-heading\"><h2   style=\"color:#3e3e3e;margin-bottom: 24px;\">Papers and scientific publications associated with the product<\/h2><\/div><style>.porto-u-ad87e2eaf3f9c495180fe0156ddf3eb0.porto-u-heading{text-align:left}<\/style><\/div>[vc_column_text css=&#8221;&#8221;]<\/p>\n<ul>\n<li>Abessi, O., Roberts, P. J. W. (2012).<br \/>\n&#8220;Multiport diffusers for dense discharges&#8221;.<br \/>\nJournal of Hydraulic Engineering, Unpublished manuscript.  <\/li>\n<li>Alavian, V. (1986).<br \/>\n&#8220;Behaviour of density current on an incline&#8221;.<br \/>\nJournal of hydraulic engineering, vol. 112, No 1, pp.<br \/>\n27-42.   <\/li>\n<li>Cipollina, A., Brucato, A., Grisafi, F., Nicosia, S. (2005).<br \/>\n&#8220;Bench-Scale Investigation of Inclined Dense Jets&#8221;.<br \/>\nJournal of Hydraulic Engineering, vol. 131, no 11, pp.<br \/>\n1017 &#8211; 1022.   <\/li>\n<li>Doneker, R. L., Jirka, G. H. (2001).<br \/>\n&#8220;CORMIX-GI systems for mixing zone analysis of brine wastewater disposal&#8221;.<br \/>\nDesalination, vol. 139, pp.<br \/>\n263 &#8211; 274.   <\/li>\n<li>Ellison, T. H; Turner, J. S. (1959).<br \/>\n&#8220;Turbulent entrainment in stratified flows&#8221;.<br \/>\nJournal of Fluid  <\/li>\n<li>Mechanics, vol. 6.<br \/>\npp.<br \/>\n423-448.  <\/li>\n<li>Fischer, H. B., List, E. J., Imberger, J., Brooks, N. H. (1979).<br \/>\n&#8220;Mixing in island and coastal waters&#8221;.<br \/>\nAcademic Press, N.Y.  <\/li>\n<li>Frick, W. E. (2004).<br \/>\n&#8220;Visual Plumes mixing zone modelling software&#8221;.<br \/>\nEnvironmental modelling &amp; software, vol. 19, pp 645 &#8211; 654.  <\/li>\n<li>Garcia, M. (1985).<br \/>\n&#8220;Experimental study of turbidity currents,&#8221; M.S. Thesis in Civil Engineering.<br \/>\nUniversity of Minnesota, Minneapolis.  <\/li>\n<li>Garc\u00eda, M. (1996).<br \/>\n&#8220;Environmental Hydrodynamics&#8221;, Argentina: Publications Center, Universidad Nacional del Litoral. <\/li>\n<li>Lee, J. H. W., Cheung, V. (1990) &#8220;Generalized Lagrangian model for buoyant jets in current&#8221;.<br \/>\nJournal of environmental engineering, vol. 116 (6), pp.<br \/>\n1085 &#8211; 1105.  <\/li>\n<li>Jirka, G. H. (2004).<br \/>\n&#8220;Integral model for turbulent buoyant jets in unbounded stratified flows. Part I: The single round jet.&#8221;<br \/>\nEnvironmental fluid mechanics, vol. 4, pp.<br \/>\n1 &#8211; 56.   <\/li>\n<li>Jirka, G. H. (2006).<br \/>\n&#8220;Integral model for turbulent buoyant jets in unbounded stratified flows. Part II: Plane jet dynamics resulting from multiport diffuser jets&#8221;.<br \/>\nEnvironmental fluid mechanics, vol. 6, pp.<br \/>\n43 &#8211; 100.   <\/li>\n<li>Kikkert, G. A., Davidson, M. J., Nokes, R. I. (2007).<br \/>\n&#8220;Inclined Negatively Buoyant Discharges.&#8221;<br \/>\nJournal of Hydraulic engineering, vol. 133, pp.<br \/>\n545 &#8211; 554.   <\/li>\n<li>Koh, R. C. Y. (1981).<br \/>\n&#8220;Buoyancy Driven Gravitational Spreading.&#8221;<br \/>\nCoastal Engineering, vol. 15, pp.<br \/>\n2965 &#8211; 2975   <\/li>\n<li>Palomar, P; Lara, J. L; Losada, I. J, Rodrigo, M; Alvarez, A. (2012).<br \/>\n&#8220;Near Field brine discharge modeling. Part 1: Analysis of commercial tools&#8221;.<br \/>\nDesalination, vol. 290, pp.<br \/>\n14 &#8211; 27.   <\/li>\n<li>Palomar, P; Lara, J. L; Losada, I. J. (2012).<br \/>\n&#8220;Near field brine discharge modeling Part 2: Validation of commercial tools&#8221;.<br \/>\nDesalination, vol. 290, pp.<br \/>\n28 &#8211; 42.   <\/li>\n<li>Papakonstantis, I. G., Papanicolau, P. N., Christodoulou, G. C. (2008).<br \/>\n&#8220;On the entrainment coefficient in negatively buoyant jets&#8221;.<br \/>\nJournal of Fluids Mechanics, vol. 614, pp.<br \/>\n447 &#8211; 470.   <\/li>\n<li>Papakonstantis, I. G., Christodoulou, G. C., Papanicolau, P.N. (2011, a).<br \/>\n&#8220;Inclined negatively buoyant jets 2: Concentration measurements&#8221;.<br \/>\nJournal of Hydraulics Research, Taylor and Francis Group, vol. 49, No .1, pp.<br \/>\n3 &#8211; 12.   <\/li>\n<li>Papakonstantis, I. G., Christodoulou, G. C., Papanicolau, P.N. (2011, b).<br \/>\n&#8220;Inclined negatively buoyant jets 1: Geometrical characteristics&#8221;.<br \/>\nJournal of Hydraulics Research, vol. 49, No. 1, pp.<br \/>\n13 &#8211; 22.   <\/li>\n<li>Papanicolaou, P. N., List, E. J. (1988).<br \/>\n&#8220;Investigations of round vertical turbulent buoyant buoyant jets&#8221;. <\/li>\n<li>Journal of Fluid Mechanics, vol. 195, pp.<br \/>\n341 &#8211; 391. <\/li>\n<li>Pincince, A. B., List, E. J. (1973).<br \/>\n&#8220;Disposal of brine into an estuary&#8221;.<br \/>\nJournal of the Water Pollution Control Federation, vol. 45, pp.<br \/>\n2335 &#8211; 2444.   <\/li>\n<li>Priestley, C. H. B., Ball (1955).<br \/>\n&#8220;Continuous convection from an isolated source of heat&#8221;.<br \/>\nQuarterly Journal of the Royal Meteorological Society, vol. 81, pp.<br \/>\n144 &#8211; 157.   <\/li>\n<li>Roberts, P. J. W., Ferrier, A. and Daviero, G. (1997).<br \/>\n&#8220;Mixing in inclined dense jets&#8221;.<br \/>\nJournal of hydraulic engineering, vol. 123, N 8, pp.<br \/>\n693 &#8211; 698.   <\/li>\n<li>Roberts, P. J. W., Toms, G. (1987).<br \/>\n&#8220;Inclined dense jets in a flowing current&#8221;.<br \/>\nJournal of Hydraulic Engineering, vol. 113, no. 3, pp.<br \/>\n323 &#8211; 341.   <\/li>\n<li>Roberts, P. J. W., Ferrier, A. Daviero, G. (1997).<br \/>\n&#8220;Mixing in inclined dense jets&#8221;.<br \/>\nJournal of Hydraulic Engineering, Vol. 123, No 8, pp.<br \/>\n693 &#8211; 699.   <\/li>\n<li>Shao, D., Law, A. W. K. (2010).<br \/>\n&#8220;Mixing and boundary interactions of 30\u00ba and 45\u00ba inclined dense jets&#8221;.<br \/>\nEnvironmental Fluid Mechanics, vol. 10, no. 5, pp.<br \/>\n521 &#8211; 553.   <\/li>\n<li>Stolzenbach, K. D. D., Harleman, D. R. F. (1973).<br \/>\n&#8220;Three-Dimensional Heated Surface Jets.&#8221;<br \/>\nWater  <\/li>\n<li>Resources Research, vol. 9, No. 1, pp.<br \/>\n129 &#8211; 137 <\/li>\n<li>Wang, H., Law, A. W. K. (2002).<br \/>\n&#8220;Second-order integral model for a round turbulent buoyant jet&#8221;.<br \/>\nJournal of Fluid Mechanics, vol. 459, pp.<br \/>\n397 &#8211; 428.   <\/li>\n<\/ul>\n<p>[\/vc_column_text][\/vc_column][\/vc_row]<\/p>\n<\/div>","protected":false},"excerpt":{"rendered":"<p>[vc_section full_width=&#8221;stretch_row&#8221; content_placement=&#8221;middle&#8221; parallax=&#8221;content-moving&#8221; parallax_image=&#8221;3659&#8243; conditional_render=&#8221;%5B%7B%22value_role%22%3A%22administrator%22%7D%5D&#8221;][vc_row full_width=&#8221;stretch_row&#8221; css=&#8221;.vc_custom_1713949413664{padding-top: 10% !important;padding-bottom: 5% !important;}&#8221; conditional_render=&#8221;%5B%7B%22value_role%22%3A%22administrator%22%7D%5D&#8221;][vc_column][vc_column_text css=&#8221;&#8221;] brIHne Papers [\/vc_column_text][\/vc_column][\/vc_row][\/vc_section][vc_row wrap_container=&#8221;yes&#8221; el_class=&#8221;m-t-xxl p-t-lg m-b-lg pb-4&#8243;][vc_column][vc_column_text css=&#8221;&#8221;] Abessi, O., Roberts, P. J. W. (2012). &#8220;Multiport diffusers for dense discharges&#8221;. Journal of Hydraulic Engineering, Unpublished manuscript. Alavian, V. (1986). &#8220;Behaviour of density current on an incline&#8221;. Journal of hydraulic engineering, [&hellip;]<\/p>\n","protected":false},"author":5,"featured_media":0,"parent":0,"menu_order":0,"comment_status":"closed","ping_status":"closed","template":"","meta":{"footnotes":""},"class_list":["post-5075","page","type-page","status-publish","hentry"],"yoast_head":"<!-- This site is optimized with the Yoast SEO Premium plugin v27.4 (Yoast SEO v27.4) - https:\/\/yoast.com\/product\/yoast-seo-premium-wordpress\/ -->\n<title>Brihne Papers | Formaci\u00f3n IHCantabria<\/title>\n<meta name=\"robots\" content=\"index, follow, max-snippet:-1, max-image-preview:large, max-video-preview:-1\" \/>\n<link rel=\"canonical\" href=\"https:\/\/www.capacitacionihcantabria.com\/en\/brihne-papers\/\" \/>\n<meta property=\"og:locale\" content=\"en_US\" \/>\n<meta property=\"og:type\" content=\"article\" \/>\n<meta property=\"og:title\" content=\"Brihne Papers\" \/>\n<meta property=\"og:description\" content=\"[vc_section full_width=&#8221;stretch_row&#8221; content_placement=&#8221;middle&#8221; parallax=&#8221;content-moving&#8221; parallax_image=&#8221;3659&#8243; conditional_render=&#8221;%5B%7B%22value_role%22%3A%22administrator%22%7D%5D&#8221;][vc_row full_width=&#8221;stretch_row&#8221; css=&#8221;.vc_custom_1713949413664{padding-top: 10% !important;padding-bottom: 5% !important;}&#8221; conditional_render=&#8221;%5B%7B%22value_role%22%3A%22administrator%22%7D%5D&#8221;][vc_column][vc_column_text css=&#8221;&#8221;] brIHne Papers [\/vc_column_text][\/vc_column][\/vc_row][\/vc_section][vc_row wrap_container=&#8221;yes&#8221; el_class=&#8221;m-t-xxl p-t-lg m-b-lg pb-4&#8243;][vc_column][vc_column_text css=&#8221;&#8221;] Abessi, O., Roberts, P. J. W. (2012). &#8220;Multiport diffusers for dense discharges&#8221;. Journal of Hydraulic Engineering, Unpublished manuscript. Alavian, V. (1986). &#8220;Behaviour of density current on an incline&#8221;. Journal of hydraulic engineering, [&hellip;]\" \/>\n<meta property=\"og:url\" content=\"https:\/\/www.capacitacionihcantabria.com\/en\/brihne-papers\/\" \/>\n<meta property=\"og:site_name\" content=\"Formaci\u00f3n IHCantabria\" \/>\n<meta property=\"article:publisher\" content=\"https:\/\/www.facebook.com\/IHCantabria\/\" \/>\n<meta property=\"article:modified_time\" content=\"2025-02-28T12:41:45+00:00\" \/>\n<meta property=\"og:image\" content=\"https:\/\/www.capacitacionihcantabria.com\/wp-content\/uploads\/2024\/05\/LOGO_ECCEIH_Negro_nosubtitulo-1.png\" \/>\n\t<meta property=\"og:image:width\" content=\"2075\" \/>\n\t<meta property=\"og:image:height\" content=\"1035\" \/>\n\t<meta property=\"og:image:type\" content=\"image\/png\" \/>\n<meta name=\"twitter:card\" content=\"summary_large_image\" \/>\n<meta name=\"twitter:site\" content=\"@IHCantabria\" \/>\n<meta name=\"twitter:label1\" content=\"Est. reading time\" \/>\n\t<meta name=\"twitter:data1\" content=\"4 minutes\" \/>\n<script type=\"application\/ld+json\" class=\"yoast-schema-graph\">{\"@context\":\"https:\\\/\\\/schema.org\",\"@graph\":[{\"@type\":\"WebPage\",\"@id\":\"https:\\\/\\\/www.capacitacionihcantabria.com\\\/en\\\/brihne-papers\\\/\",\"url\":\"https:\\\/\\\/www.capacitacionihcantabria.com\\\/en\\\/brihne-papers\\\/\",\"name\":\"Brihne Papers | Formaci\u00f3n IHCantabria\",\"isPartOf\":{\"@id\":\"https:\\\/\\\/www.capacitacionihcantabria.com\\\/en\\\/#website\"},\"datePublished\":\"2024-08-05T09:00:35+00:00\",\"dateModified\":\"2025-02-28T12:41:45+00:00\",\"breadcrumb\":{\"@id\":\"https:\\\/\\\/www.capacitacionihcantabria.com\\\/en\\\/brihne-papers\\\/#breadcrumb\"},\"inLanguage\":\"en-US\",\"potentialAction\":[{\"@type\":\"ReadAction\",\"target\":[\"https:\\\/\\\/www.capacitacionihcantabria.com\\\/en\\\/brihne-papers\\\/\"]}]},{\"@type\":\"BreadcrumbList\",\"@id\":\"https:\\\/\\\/www.capacitacionihcantabria.com\\\/en\\\/brihne-papers\\\/#breadcrumb\",\"itemListElement\":[{\"@type\":\"ListItem\",\"position\":1,\"name\":\"Portada\",\"item\":\"https:\\\/\\\/www.capacitacionihcantabria.com\\\/en\\\/\"},{\"@type\":\"ListItem\",\"position\":2,\"name\":\"Brihne Papers\"}]},{\"@type\":\"WebSite\",\"@id\":\"https:\\\/\\\/www.capacitacionihcantabria.com\\\/en\\\/#website\",\"url\":\"https:\\\/\\\/www.capacitacionihcantabria.com\\\/en\\\/\",\"name\":\"Formaci\u00f3n IHCantabria\",\"description\":\"Training Platform ECCE-IH Educaci\u00f3n Continua \\\/ Continuing Education \u2013 IH\",\"publisher\":{\"@id\":\"https:\\\/\\\/www.capacitacionihcantabria.com\\\/en\\\/#organization\"},\"alternateName\":\"Portal de Capacitaci\u00f3n y Formaci\u00f3n IHCantabria\",\"potentialAction\":[{\"@type\":\"SearchAction\",\"target\":{\"@type\":\"EntryPoint\",\"urlTemplate\":\"https:\\\/\\\/www.capacitacionihcantabria.com\\\/en\\\/?s={search_term_string}\"},\"query-input\":{\"@type\":\"PropertyValueSpecification\",\"valueRequired\":true,\"valueName\":\"search_term_string\"}}],\"inLanguage\":\"en-US\"},{\"@type\":\"Organization\",\"@id\":\"https:\\\/\\\/www.capacitacionihcantabria.com\\\/en\\\/#organization\",\"name\":\"Formaci\u00f3n IHCantabria\",\"url\":\"https:\\\/\\\/www.capacitacionihcantabria.com\\\/en\\\/\",\"logo\":{\"@type\":\"ImageObject\",\"inLanguage\":\"en-US\",\"@id\":\"https:\\\/\\\/www.capacitacionihcantabria.com\\\/en\\\/#\\\/schema\\\/logo\\\/image\\\/\",\"url\":\"https:\\\/\\\/www.capacitacionihcantabria.com\\\/wp-content\\\/uploads\\\/2024\\\/02\\\/Logo-IHCantabria.png\",\"contentUrl\":\"https:\\\/\\\/www.capacitacionihcantabria.com\\\/wp-content\\\/uploads\\\/2024\\\/02\\\/Logo-IHCantabria.png\",\"width\":1200,\"height\":519,\"caption\":\"Formaci\u00f3n IHCantabria\"},\"image\":{\"@id\":\"https:\\\/\\\/www.capacitacionihcantabria.com\\\/en\\\/#\\\/schema\\\/logo\\\/image\\\/\"},\"sameAs\":[\"https:\\\/\\\/www.facebook.com\\\/IHCantabria\\\/\",\"https:\\\/\\\/x.com\\\/IHCantabria\",\"https:\\\/\\\/www.instagram.com\\\/ih.cantabria\\\/\",\"https:\\\/\\\/es.linkedin.com\\\/company\\\/ihcantabria\"],\"description\":\"En IHCantabria ofrecemos una formaci\u00f3n multidisciplinar y altamente especializada en el \u00e1mbito de la ingenier\u00eda, la biolog\u00eda y la gesti\u00f3n de los sistemas acu\u00e1ticos, de sus servicios y de las amenazas asociadas a \u00e9stos. Todo ello ha constituido un eje prioritario del desarrollo de la labor formativa de IHCantabria.\",\"email\":\"info@capacitacionihcantabria.com\",\"telephone\":\"942201616\",\"legalName\":\"FUndaci\u00f3n Insituto de Hidr\u00e1ulica ambiental de cantabria\",\"foundingDate\":\"2007-03-22\",\"numberOfEmployees\":{\"@type\":\"QuantitativeValue\",\"minValue\":\"201\",\"maxValue\":\"500\"}}]}<\/script>\n<!-- \/ Yoast SEO Premium plugin. -->","yoast_head_json":{"title":"Brihne Papers | Formaci\u00f3n IHCantabria","robots":{"index":"index","follow":"follow","max-snippet":"max-snippet:-1","max-image-preview":"max-image-preview:large","max-video-preview":"max-video-preview:-1"},"canonical":"https:\/\/www.capacitacionihcantabria.com\/en\/brihne-papers\/","og_locale":"en_US","og_type":"article","og_title":"Brihne Papers","og_description":"[vc_section full_width=&#8221;stretch_row&#8221; content_placement=&#8221;middle&#8221; parallax=&#8221;content-moving&#8221; parallax_image=&#8221;3659&#8243; conditional_render=&#8221;%5B%7B%22value_role%22%3A%22administrator%22%7D%5D&#8221;][vc_row full_width=&#8221;stretch_row&#8221; css=&#8221;.vc_custom_1713949413664{padding-top: 10% !important;padding-bottom: 5% !important;}&#8221; conditional_render=&#8221;%5B%7B%22value_role%22%3A%22administrator%22%7D%5D&#8221;][vc_column][vc_column_text css=&#8221;&#8221;] brIHne Papers [\/vc_column_text][\/vc_column][\/vc_row][\/vc_section][vc_row wrap_container=&#8221;yes&#8221; el_class=&#8221;m-t-xxl p-t-lg m-b-lg pb-4&#8243;][vc_column][vc_column_text css=&#8221;&#8221;] Abessi, O., Roberts, P. J. W. (2012). &#8220;Multiport diffusers for dense discharges&#8221;. Journal of Hydraulic Engineering, Unpublished manuscript. Alavian, V. (1986). &#8220;Behaviour of density current on an incline&#8221;. Journal of hydraulic engineering, [&hellip;]","og_url":"https:\/\/www.capacitacionihcantabria.com\/en\/brihne-papers\/","og_site_name":"Formaci\u00f3n IHCantabria","article_publisher":"https:\/\/www.facebook.com\/IHCantabria\/","article_modified_time":"2025-02-28T12:41:45+00:00","og_image":[{"width":2075,"height":1035,"url":"https:\/\/www.capacitacionihcantabria.com\/wp-content\/uploads\/2024\/05\/LOGO_ECCEIH_Negro_nosubtitulo-1.png","type":"image\/png"}],"twitter_card":"summary_large_image","twitter_site":"@IHCantabria","twitter_misc":{"Est. reading time":"4 minutes"},"schema":{"@context":"https:\/\/schema.org","@graph":[{"@type":"WebPage","@id":"https:\/\/www.capacitacionihcantabria.com\/en\/brihne-papers\/","url":"https:\/\/www.capacitacionihcantabria.com\/en\/brihne-papers\/","name":"Brihne Papers | Formaci\u00f3n IHCantabria","isPartOf":{"@id":"https:\/\/www.capacitacionihcantabria.com\/en\/#website"},"datePublished":"2024-08-05T09:00:35+00:00","dateModified":"2025-02-28T12:41:45+00:00","breadcrumb":{"@id":"https:\/\/www.capacitacionihcantabria.com\/en\/brihne-papers\/#breadcrumb"},"inLanguage":"en-US","potentialAction":[{"@type":"ReadAction","target":["https:\/\/www.capacitacionihcantabria.com\/en\/brihne-papers\/"]}]},{"@type":"BreadcrumbList","@id":"https:\/\/www.capacitacionihcantabria.com\/en\/brihne-papers\/#breadcrumb","itemListElement":[{"@type":"ListItem","position":1,"name":"Portada","item":"https:\/\/www.capacitacionihcantabria.com\/en\/"},{"@type":"ListItem","position":2,"name":"Brihne Papers"}]},{"@type":"WebSite","@id":"https:\/\/www.capacitacionihcantabria.com\/en\/#website","url":"https:\/\/www.capacitacionihcantabria.com\/en\/","name":"Formaci\u00f3n IHCantabria","description":"Training Platform ECCE-IH Educaci\u00f3n Continua \/ Continuing Education \u2013 IH","publisher":{"@id":"https:\/\/www.capacitacionihcantabria.com\/en\/#organization"},"alternateName":"Portal de Capacitaci\u00f3n y Formaci\u00f3n IHCantabria","potentialAction":[{"@type":"SearchAction","target":{"@type":"EntryPoint","urlTemplate":"https:\/\/www.capacitacionihcantabria.com\/en\/?s={search_term_string}"},"query-input":{"@type":"PropertyValueSpecification","valueRequired":true,"valueName":"search_term_string"}}],"inLanguage":"en-US"},{"@type":"Organization","@id":"https:\/\/www.capacitacionihcantabria.com\/en\/#organization","name":"Formaci\u00f3n IHCantabria","url":"https:\/\/www.capacitacionihcantabria.com\/en\/","logo":{"@type":"ImageObject","inLanguage":"en-US","@id":"https:\/\/www.capacitacionihcantabria.com\/en\/#\/schema\/logo\/image\/","url":"https:\/\/www.capacitacionihcantabria.com\/wp-content\/uploads\/2024\/02\/Logo-IHCantabria.png","contentUrl":"https:\/\/www.capacitacionihcantabria.com\/wp-content\/uploads\/2024\/02\/Logo-IHCantabria.png","width":1200,"height":519,"caption":"Formaci\u00f3n IHCantabria"},"image":{"@id":"https:\/\/www.capacitacionihcantabria.com\/en\/#\/schema\/logo\/image\/"},"sameAs":["https:\/\/www.facebook.com\/IHCantabria\/","https:\/\/x.com\/IHCantabria","https:\/\/www.instagram.com\/ih.cantabria\/","https:\/\/es.linkedin.com\/company\/ihcantabria"],"description":"En IHCantabria ofrecemos una formaci\u00f3n multidisciplinar y altamente especializada en el \u00e1mbito de la ingenier\u00eda, la biolog\u00eda y la gesti\u00f3n de los sistemas acu\u00e1ticos, de sus servicios y de las amenazas asociadas a \u00e9stos. Todo ello ha constituido un eje prioritario del desarrollo de la labor formativa de IHCantabria.","email":"info@capacitacionihcantabria.com","telephone":"942201616","legalName":"FUndaci\u00f3n Insituto de Hidr\u00e1ulica ambiental de cantabria","foundingDate":"2007-03-22","numberOfEmployees":{"@type":"QuantitativeValue","minValue":"201","maxValue":"500"}}]}},"_links":{"self":[{"href":"https:\/\/www.capacitacionihcantabria.com\/en\/wp-json\/wp\/v2\/pages\/5075","targetHints":{"allow":["GET"]}}],"collection":[{"href":"https:\/\/www.capacitacionihcantabria.com\/en\/wp-json\/wp\/v2\/pages"}],"about":[{"href":"https:\/\/www.capacitacionihcantabria.com\/en\/wp-json\/wp\/v2\/types\/page"}],"author":[{"embeddable":true,"href":"https:\/\/www.capacitacionihcantabria.com\/en\/wp-json\/wp\/v2\/users\/5"}],"replies":[{"embeddable":true,"href":"https:\/\/www.capacitacionihcantabria.com\/en\/wp-json\/wp\/v2\/comments?post=5075"}],"version-history":[{"count":6,"href":"https:\/\/www.capacitacionihcantabria.com\/en\/wp-json\/wp\/v2\/pages\/5075\/revisions"}],"predecessor-version":[{"id":5084,"href":"https:\/\/www.capacitacionihcantabria.com\/en\/wp-json\/wp\/v2\/pages\/5075\/revisions\/5084"}],"wp:attachment":[{"href":"https:\/\/www.capacitacionihcantabria.com\/en\/wp-json\/wp\/v2\/media?parent=5075"}],"curies":[{"name":"wp","href":"https:\/\/api.w.org\/{rel}","templated":true}]}}