{"id":1565,"date":"2023-08-21T07:51:19","date_gmt":"2023-08-21T05:51:19","guid":{"rendered":"https:\/\/www.capacitacionihcantabria.com\/internship-offer\/"},"modified":"2024-05-15T12:06:44","modified_gmt":"2024-05-15T10:06:44","slug":"internship-offer","status":"publish","type":"page","link":"https:\/\/www.capacitacionihcantabria.com\/en\/internship-offer\/","title":{"rendered":"Placements and Internships"},"content":{"rendered":"<div class=\"wpb-content-wrapper\"><p>[vc_row full_width=&#8221;stretch_row&#8221; parallax=&#8221;content-moving&#8221; parallax_image=&#8221;2907&#8243; css_animation=&#8221;fadeIn&#8221; is_section=&#8221;yes&#8221; section_skin=&#8221;light&#8221; conditional_render=&#8221;%5B%7B%22value_role%22%3A%22administrator%22%7D%5D&#8221; css=&#8221;.vc_custom_1713515173391{margin-top: 0px !important;border-bottom-width: 10px !important;padding-top: 10% !important;padding-bottom: 5% !important;border-bottom-color: #955cb3 !important;border-bottom-style: solid !important;}&#8221; el_id=&#8221;up&#8221;][vc_column width=&#8221;1\/2&#8243;][vc_empty_space height=&#8221;92px&#8221;][vc_column_text]<\/p>\n<h2><span style=\"color: #ffffff; font-weight: 800;\">Placements and Research Internships<\/span><\/h2>\n<p>[\/vc_column_text][\/vc_column][vc_column width=&#8221;1\/2&#8243;][vc_empty_space][vc_single_image image=&#8221;885&#8243; alignment=&#8221;right&#8221; animation_type=&#8221;slideInRight&#8221;][\/vc_column][\/vc_row][vc_row][vc_column][vc_empty_space][\/vc_column][\/vc_row][vc_row content_placement=&#8221;top&#8221; text_align=&#8221;left&#8221; conditional_render=&#8221;%5B%7B%22value_role%22%3A%22administrator%22%7D%5D&#8221; css=&#8221;.vc_custom_1713780425718{margin-top: 60px !important;margin-bottom: 30px !important;background-color: #ffffff !important;}&#8221;][vc_column width=&#8221;1\/3&#8243; css=&#8221;.vc_custom_1713464685015{margin-right: 5% !important;margin-left: 10% !important;border-bottom-width: 10px !important;padding-top: 20px !important;padding-right: 20px !important;padding-bottom: 20px !important;padding-left: 20px !important;background-color: #f4f4f4 !important;border-bottom-color: #955cb3 !important;border-bottom-style: solid !important;}&#8221; conditional_render=&#8221;%5B%7B%22value_role%22%3A%22administrator%22%7D%5D&#8221;][vc_single_image image=&#8221;3195&#8243; img_size=&#8221;&#8221; onclick=&#8221;custom_link&#8221; link=&#8221;https:\/\/www.capacitacionihcantabria.com\/en\/training-2\/&#8221;][vc_column_text]<\/p>\n<div class=\"page\" title=\"Page 1\">\n<div class=\"layoutArea\">\n<div class=\"column\">\n<h3><a href=\"https:\/\/www.capacitacionihcantabria.com\/en\/training-2\/\">Placements<\/a><\/h3>\n<\/div>\n<\/div>\n<\/div>\n<p>[\/vc_column_text][vc_column_text]<span class=\"TextRun SCXW265157842 BCX0\" lang=\"ES-ES\" xml:lang=\"ES-ES\" data-contrast=\"auto\"><span class=\"NormalTextRun SpellingErrorV2Themed SCXW265157842 BCX0\">IHCantabria<\/span><span class=\"NormalTextRun SCXW265157842 BCX0\"> offers the possibility of carrying out <strong>PRACTICES<\/strong> linked to the management<\/span><span class=\"NormalTextRun SCXW265157842 BCX0\"> and execution of international projects related to the topics of the research groups.<\/span><\/span>[\/vc_column_text][vc_icon icon_fontawesome=&#8221;fas fa-plus&#8221; color=&#8221;custom&#8221; custom_color=&#8221;#4992ac&#8221; link=&#8221;url:https%3A%2F%2Fwww.capacitacionihcantabria.com%2Fen%2Ftraining-2%2F|title:Practices&#8221;][\/vc_column][vc_column width=&#8221;1\/3&#8243; css=&#8221;.vc_custom_1713464612627{margin-right: 5% !important;margin-left: 5% !important;border-bottom-width: 10px !important;padding-top: 20px !important;padding-right: 20px !important;padding-bottom: 20px !important;padding-left: 20px !important;background-color: #f4f4f4 !important;border-bottom-color: #955cb3 !important;border-bottom-style: solid !important;}&#8221; conditional_render=&#8221;%5B%7B%22value_role%22%3A%22administrator%22%7D%5D&#8221;][vc_single_image image=&#8221;3211&#8243; img_size=&#8221;&#8221; onclick=&#8221;custom_link&#8221; link=&#8221;https:\/\/www.capacitacionihcantabria.com\/en\/intership\/&#8221;][vc_column_text]<\/p>\n<h3><a href=\"https:\/\/www.capacitacionihcantabria.com\/en\/intership\/\">Research Internships<\/a><\/h3>\n<p>[\/vc_column_text][vc_column_text css=&#8221;&#8221;]<span class=\"TextRun SCXW167721132 BCX0\" lang=\"ES-ES\" xml:lang=\"ES-ES\" data-contrast=\"auto\"><span class=\"NormalTextRun SCXW167721132 BCX0\">The <strong>INTERACTION<\/strong> between researchers<\/span><span class=\"NormalTextRun SCXW167721132 BCX0\"> and R+D+i groups from different institutions and countries represents one of the most enriching experiences in any scientific career.<\/span><\/span>[\/vc_column_text][vc_icon icon_fontawesome=&#8221;fas fa-plus&#8221; color=&#8221;custom&#8221; custom_color=&#8221;#4992ac&#8221; link=&#8221;url:https%3A%2F%2Fwww.capacitacionihcantabria.com%2Fen%2Fintership%2F|title:Internships&#8221;][\/vc_column][vc_column width=&#8221;1\/3&#8243;][\/vc_column][\/vc_row][vc_row][vc_column][vc_empty_space height=&#8221;48px&#8221;][\/vc_column][\/vc_row]<\/p>\n<\/div>","protected":false},"excerpt":{"rendered":"<p>[vc_row full_width=&#8221;stretch_row&#8221; parallax=&#8221;content-moving&#8221; parallax_image=&#8221;2907&#8243; css_animation=&#8221;fadeIn&#8221; is_section=&#8221;yes&#8221; section_skin=&#8221;light&#8221; conditional_render=&#8221;%5B%7B%22value_role%22%3A%22administrator%22%7D%5D&#8221; css=&#8221;.vc_custom_1713515173391{margin-top: 0px !important;border-bottom-width: 10px !important;padding-top: 10% !important;padding-bottom: 5% !important;border-bottom-color: #955cb3 !important;border-bottom-style: solid !important;}&#8221; el_id=&#8221;up&#8221;][vc_column width=&#8221;1\/2&#8243;][vc_empty_space height=&#8221;92px&#8221;][vc_column_text] Placements and Research Internships [\/vc_column_text][\/vc_column][vc_column width=&#8221;1\/2&#8243;][vc_empty_space][vc_single_image image=&#8221;885&#8243; alignment=&#8221;right&#8221; animation_type=&#8221;slideInRight&#8221;][\/vc_column][\/vc_row][vc_row][vc_column][vc_empty_space][\/vc_column][\/vc_row][vc_row content_placement=&#8221;top&#8221; text_align=&#8221;left&#8221; conditional_render=&#8221;%5B%7B%22value_role%22%3A%22administrator%22%7D%5D&#8221; css=&#8221;.vc_custom_1713780425718{margin-top: 60px !important;margin-bottom: 30px !important;background-color: #ffffff !important;}&#8221;][vc_column width=&#8221;1\/3&#8243; css=&#8221;.vc_custom_1713464685015{margin-right: 5% !important;margin-left: 10% !important;border-bottom-width: 10px !important;padding-top: 20px !important;padding-right: 20px !important;padding-bottom: [&hellip;]<\/p>\n","protected":false},"author":5,"featured_media":645,"parent":0,"menu_order":0,"comment_status":"closed","ping_status":"closed","template":"","meta":{"footnotes":""},"class_list":["post-1565","page","type-page","status-publish","has-post-thumbnail","hentry"],"yoast_head":"<!-- This site is optimized with the Yoast SEO Premium plugin v27.4 (Yoast SEO v27.4) - https:\/\/yoast.com\/product\/yoast-seo-premium-wordpress\/ -->\n<title>Placements and Internships | Formaci\u00f3n IHCantabria<\/title>\n<meta name=\"robots\" content=\"index, follow, max-snippet:-1, max-image-preview:large, max-video-preview:-1\" \/>\n<link rel=\"canonical\" href=\"https:\/\/www.capacitacionihcantabria.com\/en\/internship-offer\/\" \/>\n<meta property=\"og:locale\" content=\"en_US\" \/>\n<meta property=\"og:type\" content=\"article\" \/>\n<meta property=\"og:title\" content=\"Placements and Internships\" \/>\n<meta property=\"og:description\" content=\"[vc_row full_width=&#8221;stretch_row&#8221; parallax=&#8221;content-moving&#8221; parallax_image=&#8221;2907&#8243; css_animation=&#8221;fadeIn&#8221; is_section=&#8221;yes&#8221; section_skin=&#8221;light&#8221; conditional_render=&#8221;%5B%7B%22value_role%22%3A%22administrator%22%7D%5D&#8221; css=&#8221;.vc_custom_1713515173391{margin-top: 0px !important;border-bottom-width: 10px !important;padding-top: 10% !important;padding-bottom: 5% !important;border-bottom-color: #955cb3 !important;border-bottom-style: solid !important;}&#8221; el_id=&#8221;up&#8221;][vc_column width=&#8221;1\/2&#8243;][vc_empty_space height=&#8221;92px&#8221;][vc_column_text] Placements and Research Internships [\/vc_column_text][\/vc_column][vc_column width=&#8221;1\/2&#8243;][vc_empty_space][vc_single_image image=&#8221;885&#8243; alignment=&#8221;right&#8221; animation_type=&#8221;slideInRight&#8221;][\/vc_column][\/vc_row][vc_row][vc_column][vc_empty_space][\/vc_column][\/vc_row][vc_row content_placement=&#8221;top&#8221; text_align=&#8221;left&#8221; conditional_render=&#8221;%5B%7B%22value_role%22%3A%22administrator%22%7D%5D&#8221; css=&#8221;.vc_custom_1713780425718{margin-top: 60px !important;margin-bottom: 30px !important;background-color: #ffffff !important;}&#8221;][vc_column width=&#8221;1\/3&#8243; css=&#8221;.vc_custom_1713464685015{margin-right: 5% !important;margin-left: 10% !important;border-bottom-width: 10px !important;padding-top: 20px !important;padding-right: 20px !important;padding-bottom: [&hellip;]\" \/>\n<meta property=\"og:url\" content=\"https:\/\/www.capacitacionihcantabria.com\/en\/internship-offer\/\" \/>\n<meta property=\"og:site_name\" content=\"Formaci\u00f3n IHCantabria\" \/>\n<meta property=\"article:publisher\" content=\"https:\/\/www.facebook.com\/IHCantabria\/\" \/>\n<meta property=\"article:modified_time\" content=\"2024-05-15T10:06:44+00:00\" \/>\n<meta property=\"og:image\" content=\"https:\/\/www.capacitacionihcantabria.com\/wp-content\/uploads\/2023\/08\/Portada.jpg\" \/>\n\t<meta property=\"og:image:width\" content=\"591\" \/>\n\t<meta property=\"og:image:height\" content=\"591\" \/>\n\t<meta property=\"og:image:type\" content=\"image\/jpeg\" \/>\n<meta name=\"twitter:card\" content=\"summary_large_image\" \/>\n<meta name=\"twitter:site\" content=\"@IHCantabria\" \/>\n<meta name=\"twitter:label1\" content=\"Est. reading time\" \/>\n\t<meta name=\"twitter:data1\" content=\"1 minute\" \/>\n<script type=\"application\/ld+json\" class=\"yoast-schema-graph\">{\"@context\":\"https:\\\/\\\/schema.org\",\"@graph\":[{\"@type\":\"WebPage\",\"@id\":\"https:\\\/\\\/www.capacitacionihcantabria.com\\\/en\\\/internship-offer\\\/\",\"url\":\"https:\\\/\\\/www.capacitacionihcantabria.com\\\/en\\\/internship-offer\\\/\",\"name\":\"Placements and Internships | Formaci\u00f3n IHCantabria\",\"isPartOf\":{\"@id\":\"https:\\\/\\\/www.capacitacionihcantabria.com\\\/en\\\/#website\"},\"primaryImageOfPage\":{\"@id\":\"https:\\\/\\\/www.capacitacionihcantabria.com\\\/en\\\/internship-offer\\\/#primaryimage\"},\"image\":{\"@id\":\"https:\\\/\\\/www.capacitacionihcantabria.com\\\/en\\\/internship-offer\\\/#primaryimage\"},\"thumbnailUrl\":\"https:\\\/\\\/www.capacitacionihcantabria.com\\\/wp-content\\\/uploads\\\/2023\\\/08\\\/Portada.jpg\",\"datePublished\":\"2023-08-21T05:51:19+00:00\",\"dateModified\":\"2024-05-15T10:06:44+00:00\",\"breadcrumb\":{\"@id\":\"https:\\\/\\\/www.capacitacionihcantabria.com\\\/en\\\/internship-offer\\\/#breadcrumb\"},\"inLanguage\":\"en-US\",\"potentialAction\":[{\"@type\":\"ReadAction\",\"target\":[\"https:\\\/\\\/www.capacitacionihcantabria.com\\\/en\\\/internship-offer\\\/\"]}]},{\"@type\":\"ImageObject\",\"inLanguage\":\"en-US\",\"@id\":\"https:\\\/\\\/www.capacitacionihcantabria.com\\\/en\\\/internship-offer\\\/#primaryimage\",\"url\":\"https:\\\/\\\/www.capacitacionihcantabria.com\\\/wp-content\\\/uploads\\\/2023\\\/08\\\/Portada.jpg\",\"contentUrl\":\"https:\\\/\\\/www.capacitacionihcantabria.com\\\/wp-content\\\/uploads\\\/2023\\\/08\\\/Portada.jpg\",\"width\":591,\"height\":591},{\"@type\":\"BreadcrumbList\",\"@id\":\"https:\\\/\\\/www.capacitacionihcantabria.com\\\/en\\\/internship-offer\\\/#breadcrumb\",\"itemListElement\":[{\"@type\":\"ListItem\",\"position\":1,\"name\":\"Portada\",\"item\":\"https:\\\/\\\/www.capacitacionihcantabria.com\\\/en\\\/\"},{\"@type\":\"ListItem\",\"position\":2,\"name\":\"Placements and Internships\"}]},{\"@type\":\"WebSite\",\"@id\":\"https:\\\/\\\/www.capacitacionihcantabria.com\\\/en\\\/#website\",\"url\":\"https:\\\/\\\/www.capacitacionihcantabria.com\\\/en\\\/\",\"name\":\"Formaci\u00f3n IHCantabria\",\"description\":\"Training Platform ECCE-IH Educaci\u00f3n Continua \\\/ Continuing Education \u2013 IH\",\"publisher\":{\"@id\":\"https:\\\/\\\/www.capacitacionihcantabria.com\\\/en\\\/#organization\"},\"alternateName\":\"Portal de Capacitaci\u00f3n y Formaci\u00f3n IHCantabria\",\"potentialAction\":[{\"@type\":\"SearchAction\",\"target\":{\"@type\":\"EntryPoint\",\"urlTemplate\":\"https:\\\/\\\/www.capacitacionihcantabria.com\\\/en\\\/?s={search_term_string}\"},\"query-input\":{\"@type\":\"PropertyValueSpecification\",\"valueRequired\":true,\"valueName\":\"search_term_string\"}}],\"inLanguage\":\"en-US\"},{\"@type\":\"Organization\",\"@id\":\"https:\\\/\\\/www.capacitacionihcantabria.com\\\/en\\\/#organization\",\"name\":\"Formaci\u00f3n IHCantabria\",\"url\":\"https:\\\/\\\/www.capacitacionihcantabria.com\\\/en\\\/\",\"logo\":{\"@type\":\"ImageObject\",\"inLanguage\":\"en-US\",\"@id\":\"https:\\\/\\\/www.capacitacionihcantabria.com\\\/en\\\/#\\\/schema\\\/logo\\\/image\\\/\",\"url\":\"https:\\\/\\\/www.capacitacionihcantabria.com\\\/wp-content\\\/uploads\\\/2024\\\/02\\\/Logo-IHCantabria.png\",\"contentUrl\":\"https:\\\/\\\/www.capacitacionihcantabria.com\\\/wp-content\\\/uploads\\\/2024\\\/02\\\/Logo-IHCantabria.png\",\"width\":1200,\"height\":519,\"caption\":\"Formaci\u00f3n IHCantabria\"},\"image\":{\"@id\":\"https:\\\/\\\/www.capacitacionihcantabria.com\\\/en\\\/#\\\/schema\\\/logo\\\/image\\\/\"},\"sameAs\":[\"https:\\\/\\\/www.facebook.com\\\/IHCantabria\\\/\",\"https:\\\/\\\/x.com\\\/IHCantabria\",\"https:\\\/\\\/www.instagram.com\\\/ih.cantabria\\\/\",\"https:\\\/\\\/es.linkedin.com\\\/company\\\/ihcantabria\"],\"description\":\"En IHCantabria ofrecemos una formaci\u00f3n multidisciplinar y altamente especializada en el \u00e1mbito de la ingenier\u00eda, la biolog\u00eda y la gesti\u00f3n de los sistemas acu\u00e1ticos, de sus servicios y de las amenazas asociadas a \u00e9stos. Todo ello ha constituido un eje prioritario del desarrollo de la labor formativa de IHCantabria.\",\"email\":\"info@capacitacionihcantabria.com\",\"telephone\":\"942201616\",\"legalName\":\"FUndaci\u00f3n Insituto de Hidr\u00e1ulica ambiental de cantabria\",\"foundingDate\":\"2007-03-22\",\"numberOfEmployees\":{\"@type\":\"QuantitativeValue\",\"minValue\":\"201\",\"maxValue\":\"500\"}}]}<\/script>\n<!-- \/ Yoast SEO Premium plugin. -->","yoast_head_json":{"title":"Placements and Internships | Formaci\u00f3n IHCantabria","robots":{"index":"index","follow":"follow","max-snippet":"max-snippet:-1","max-image-preview":"max-image-preview:large","max-video-preview":"max-video-preview:-1"},"canonical":"https:\/\/www.capacitacionihcantabria.com\/en\/internship-offer\/","og_locale":"en_US","og_type":"article","og_title":"Placements and Internships","og_description":"[vc_row full_width=&#8221;stretch_row&#8221; parallax=&#8221;content-moving&#8221; parallax_image=&#8221;2907&#8243; css_animation=&#8221;fadeIn&#8221; is_section=&#8221;yes&#8221; section_skin=&#8221;light&#8221; conditional_render=&#8221;%5B%7B%22value_role%22%3A%22administrator%22%7D%5D&#8221; css=&#8221;.vc_custom_1713515173391{margin-top: 0px !important;border-bottom-width: 10px !important;padding-top: 10% !important;padding-bottom: 5% !important;border-bottom-color: #955cb3 !important;border-bottom-style: solid !important;}&#8221; el_id=&#8221;up&#8221;][vc_column width=&#8221;1\/2&#8243;][vc_empty_space height=&#8221;92px&#8221;][vc_column_text] Placements and Research Internships [\/vc_column_text][\/vc_column][vc_column width=&#8221;1\/2&#8243;][vc_empty_space][vc_single_image image=&#8221;885&#8243; alignment=&#8221;right&#8221; animation_type=&#8221;slideInRight&#8221;][\/vc_column][\/vc_row][vc_row][vc_column][vc_empty_space][\/vc_column][\/vc_row][vc_row content_placement=&#8221;top&#8221; text_align=&#8221;left&#8221; conditional_render=&#8221;%5B%7B%22value_role%22%3A%22administrator%22%7D%5D&#8221; css=&#8221;.vc_custom_1713780425718{margin-top: 60px !important;margin-bottom: 30px !important;background-color: #ffffff !important;}&#8221;][vc_column width=&#8221;1\/3&#8243; css=&#8221;.vc_custom_1713464685015{margin-right: 5% !important;margin-left: 10% !important;border-bottom-width: 10px !important;padding-top: 20px !important;padding-right: 20px !important;padding-bottom: [&hellip;]","og_url":"https:\/\/www.capacitacionihcantabria.com\/en\/internship-offer\/","og_site_name":"Formaci\u00f3n IHCantabria","article_publisher":"https:\/\/www.facebook.com\/IHCantabria\/","article_modified_time":"2024-05-15T10:06:44+00:00","og_image":[{"width":591,"height":591,"url":"https:\/\/www.capacitacionihcantabria.com\/wp-content\/uploads\/2023\/08\/Portada.jpg","type":"image\/jpeg"}],"twitter_card":"summary_large_image","twitter_site":"@IHCantabria","twitter_misc":{"Est. reading time":"1 minute"},"schema":{"@context":"https:\/\/schema.org","@graph":[{"@type":"WebPage","@id":"https:\/\/www.capacitacionihcantabria.com\/en\/internship-offer\/","url":"https:\/\/www.capacitacionihcantabria.com\/en\/internship-offer\/","name":"Placements and Internships | Formaci\u00f3n IHCantabria","isPartOf":{"@id":"https:\/\/www.capacitacionihcantabria.com\/en\/#website"},"primaryImageOfPage":{"@id":"https:\/\/www.capacitacionihcantabria.com\/en\/internship-offer\/#primaryimage"},"image":{"@id":"https:\/\/www.capacitacionihcantabria.com\/en\/internship-offer\/#primaryimage"},"thumbnailUrl":"https:\/\/www.capacitacionihcantabria.com\/wp-content\/uploads\/2023\/08\/Portada.jpg","datePublished":"2023-08-21T05:51:19+00:00","dateModified":"2024-05-15T10:06:44+00:00","breadcrumb":{"@id":"https:\/\/www.capacitacionihcantabria.com\/en\/internship-offer\/#breadcrumb"},"inLanguage":"en-US","potentialAction":[{"@type":"ReadAction","target":["https:\/\/www.capacitacionihcantabria.com\/en\/internship-offer\/"]}]},{"@type":"ImageObject","inLanguage":"en-US","@id":"https:\/\/www.capacitacionihcantabria.com\/en\/internship-offer\/#primaryimage","url":"https:\/\/www.capacitacionihcantabria.com\/wp-content\/uploads\/2023\/08\/Portada.jpg","contentUrl":"https:\/\/www.capacitacionihcantabria.com\/wp-content\/uploads\/2023\/08\/Portada.jpg","width":591,"height":591},{"@type":"BreadcrumbList","@id":"https:\/\/www.capacitacionihcantabria.com\/en\/internship-offer\/#breadcrumb","itemListElement":[{"@type":"ListItem","position":1,"name":"Portada","item":"https:\/\/www.capacitacionihcantabria.com\/en\/"},{"@type":"ListItem","position":2,"name":"Placements and Internships"}]},{"@type":"WebSite","@id":"https:\/\/www.capacitacionihcantabria.com\/en\/#website","url":"https:\/\/www.capacitacionihcantabria.com\/en\/","name":"Formaci\u00f3n IHCantabria","description":"Training Platform ECCE-IH Educaci\u00f3n Continua \/ Continuing Education \u2013 IH","publisher":{"@id":"https:\/\/www.capacitacionihcantabria.com\/en\/#organization"},"alternateName":"Portal de Capacitaci\u00f3n y Formaci\u00f3n IHCantabria","potentialAction":[{"@type":"SearchAction","target":{"@type":"EntryPoint","urlTemplate":"https:\/\/www.capacitacionihcantabria.com\/en\/?s={search_term_string}"},"query-input":{"@type":"PropertyValueSpecification","valueRequired":true,"valueName":"search_term_string"}}],"inLanguage":"en-US"},{"@type":"Organization","@id":"https:\/\/www.capacitacionihcantabria.com\/en\/#organization","name":"Formaci\u00f3n IHCantabria","url":"https:\/\/www.capacitacionihcantabria.com\/en\/","logo":{"@type":"ImageObject","inLanguage":"en-US","@id":"https:\/\/www.capacitacionihcantabria.com\/en\/#\/schema\/logo\/image\/","url":"https:\/\/www.capacitacionihcantabria.com\/wp-content\/uploads\/2024\/02\/Logo-IHCantabria.png","contentUrl":"https:\/\/www.capacitacionihcantabria.com\/wp-content\/uploads\/2024\/02\/Logo-IHCantabria.png","width":1200,"height":519,"caption":"Formaci\u00f3n IHCantabria"},"image":{"@id":"https:\/\/www.capacitacionihcantabria.com\/en\/#\/schema\/logo\/image\/"},"sameAs":["https:\/\/www.facebook.com\/IHCantabria\/","https:\/\/x.com\/IHCantabria","https:\/\/www.instagram.com\/ih.cantabria\/","https:\/\/es.linkedin.com\/company\/ihcantabria"],"description":"En IHCantabria ofrecemos una formaci\u00f3n multidisciplinar y altamente especializada en el \u00e1mbito de la ingenier\u00eda, la biolog\u00eda y la gesti\u00f3n de los sistemas acu\u00e1ticos, de sus servicios y de las amenazas asociadas a \u00e9stos. Todo ello ha constituido un eje prioritario del desarrollo de la labor formativa de IHCantabria.","email":"info@capacitacionihcantabria.com","telephone":"942201616","legalName":"FUndaci\u00f3n Insituto de Hidr\u00e1ulica ambiental de cantabria","foundingDate":"2007-03-22","numberOfEmployees":{"@type":"QuantitativeValue","minValue":"201","maxValue":"500"}}]}},"_links":{"self":[{"href":"https:\/\/www.capacitacionihcantabria.com\/en\/wp-json\/wp\/v2\/pages\/1565","targetHints":{"allow":["GET"]}}],"collection":[{"href":"https:\/\/www.capacitacionihcantabria.com\/en\/wp-json\/wp\/v2\/pages"}],"about":[{"href":"https:\/\/www.capacitacionihcantabria.com\/en\/wp-json\/wp\/v2\/types\/page"}],"author":[{"embeddable":true,"href":"https:\/\/www.capacitacionihcantabria.com\/en\/wp-json\/wp\/v2\/users\/5"}],"replies":[{"embeddable":true,"href":"https:\/\/www.capacitacionihcantabria.com\/en\/wp-json\/wp\/v2\/comments?post=1565"}],"version-history":[{"count":52,"href":"https:\/\/www.capacitacionihcantabria.com\/en\/wp-json\/wp\/v2\/pages\/1565\/revisions"}],"predecessor-version":[{"id":4353,"href":"https:\/\/www.capacitacionihcantabria.com\/en\/wp-json\/wp\/v2\/pages\/1565\/revisions\/4353"}],"wp:featuredmedia":[{"embeddable":true,"href":"https:\/\/www.capacitacionihcantabria.com\/en\/wp-json\/wp\/v2\/media\/645"}],"wp:attachment":[{"href":"https:\/\/www.capacitacionihcantabria.com\/en\/wp-json\/wp\/v2\/media?parent=1565"}],"curies":[{"name":"wp","href":"https:\/\/api.w.org\/{rel}","templated":true}]}}