{"id":1561,"date":"2023-07-20T22:54:39","date_gmt":"2023-07-20T20:54:39","guid":{"rendered":"https:\/\/www.capacitacionihcantabria.com\/specialization\/"},"modified":"2026-04-21T10:50:45","modified_gmt":"2026-04-21T08:50:45","slug":"specialization","status":"publish","type":"page","link":"https:\/\/www.capacitacionihcantabria.com\/en\/specialization\/","title":{"rendered":"Specialization"},"content":{"rendered":"<div class=\"wpb-content-wrapper\"><p>[vc_row full_width=&#8221;stretch_row&#8221; parallax=&#8221;content-moving&#8221; parallax_image=&#8221;2161&#8243; css_animation=&#8221;fadeIn&#8221; is_section=&#8221;yes&#8221; section_skin=&#8221;light&#8221; conditional_render=&#8221;%5B%7B%22value_role%22%3A%22administrator%22%7D%5D&#8221; css=&#8221;.vc_custom_1713514363727{margin-top: 0px !important;border-bottom-width: 10px !important;padding-top: 10% !important;padding-bottom: 2% !important;border-bottom-color: #4992ac !important;border-bottom-style: solid !important;}&#8221; el_id=&#8221;up&#8221;][vc_column width=&#8221;1\/2&#8243;][vc_empty_space height=&#8221;80px&#8221;][vc_column_text]<\/p>\n<h2><span style=\"color: #000000; font-weight: 800;\"><span style=\"color: #ffffff;\">Specialization<\/span><br \/>\n<\/span><\/h2>\n<p>[\/vc_column_text][\/vc_column][vc_column width=&#8221;1\/2&#8243;][vc_empty_space][vc_single_image image=&#8221;882&#8243; alignment=&#8221;right&#8221; animation_type=&#8221;fadeInRightBig&#8221;][\/vc_column][\/vc_row][vc_row][vc_column][vc_column_text css=&#8221;&#8221;]The Specialization program provides a <strong>modular learning system<\/strong>, organized through a combination of courses taught in <strong>different modalities<\/strong> (classroom, blended, online) within training itineraries, adapted to the<strong> professional and personal development<\/strong> of different levels and curricular profiles.<\/p>\n<p>The training offer is in line with the <strong>Educational Strategy of the European Union<\/strong> and adapted to the <strong>regulations on Lifelong Learning<\/strong>, through <strong>Proprietary Titles<\/strong> of different categories (diplomas, micro-credentials), which ensure their certification and the application of <strong>EU quality standards<\/strong>.[\/vc_column_text][\/vc_column][\/vc_row][vc_row][vc_column][vc_text_separator title=&#8221;University Microcredentials&#8221; title_align=&#8221;separator_align_left&#8221; align=&#8221;align_left&#8221; el_width=&#8221;30&#8243; css=&#8221;&#8221; css_params=&#8221;&#8221;][\/vc_column][\/vc_row][vc_row][vc_column][vc_basic_grid post_type=&#8221;ids&#8221; show_filter=&#8221;yes&#8221; gap=&#8221;20&#8243; item=&#8221;5615&#8243; css=&#8221;&#8221; grid_id=&#8221;vc_gid:1776761426056-5d4e473dc148cea9341e9ffd6ed3cf35-4&#8243; filter_source=&#8221;category&#8221; include=&#8221;2477, 1241, 5304&#8243; css_params=&#8221;&#8221;][\/vc_column][\/vc_row][vc_row][vc_column width=&#8221;1\/3&#8243;][vc_basic_grid post_type=&#8221;ids&#8221; show_filter=&#8221;yes&#8221; element_width=&#8221;12&#8243; gap=&#8221;20&#8243; item=&#8221;5615&#8243; css=&#8221;&#8221; grid_id=&#8221;vc_gid:1776761426083-6697889e5982bf82e79c5bd75e7a7ef7-4&#8243; filter_source=&#8221;category&#8221; include=&#8221;5410&#8243; css_params=&#8221;&#8221; el_class=&#8221;segundaFILA&#8221;][\/vc_column][vc_column width=&#8221;2\/3&#8243;][vc_basic_grid post_type=&#8221;ids&#8221; show_filter=&#8221;yes&#8221; element_width=&#8221;6&#8243; gap=&#8221;20&#8243; item=&#8221;4863&#8243; css=&#8221;&#8221; grid_id=&#8221;vc_gid:1776761426106-3da471090e481eb0e5f2b68de0376103-9&#8243; filter_source=&#8221;category&#8221; include=&#8221;5446, 5494&#8243; css_params=&#8221;&#8221; el_class=&#8221;segundaFILA&#8221;][\/vc_column][\/vc_row]<\/p>\n<\/div>","protected":false},"excerpt":{"rendered":"<p>[vc_row full_width=&#8221;stretch_row&#8221; parallax=&#8221;content-moving&#8221; parallax_image=&#8221;2161&#8243; css_animation=&#8221;fadeIn&#8221; is_section=&#8221;yes&#8221; section_skin=&#8221;light&#8221; conditional_render=&#8221;%5B%7B%22value_role%22%3A%22administrator%22%7D%5D&#8221; css=&#8221;.vc_custom_1713514363727{margin-top: 0px !important;border-bottom-width: 10px !important;padding-top: 10% !important;padding-bottom: 2% !important;border-bottom-color: #4992ac !important;border-bottom-style: solid !important;}&#8221; el_id=&#8221;up&#8221;][vc_column width=&#8221;1\/2&#8243;][vc_empty_space height=&#8221;80px&#8221;][vc_column_text] Specialization [\/vc_column_text][\/vc_column][vc_column width=&#8221;1\/2&#8243;][vc_empty_space][vc_single_image image=&#8221;882&#8243; alignment=&#8221;right&#8221; animation_type=&#8221;fadeInRightBig&#8221;][\/vc_column][\/vc_row][vc_row][vc_column][vc_column_text css=&#8221;&#8221;]The Specialization program provides a modular learning system, organized through a combination of courses taught in different modalities (classroom, blended, online) within training itineraries, adapted [&hellip;]<\/p>\n","protected":false},"author":5,"featured_media":0,"parent":0,"menu_order":0,"comment_status":"closed","ping_status":"closed","template":"","meta":{"footnotes":""},"class_list":["post-1561","page","type-page","status-publish","hentry"],"yoast_head":"<!-- This site is optimized with the Yoast SEO Premium plugin v27.4 (Yoast SEO v27.4) - https:\/\/yoast.com\/product\/yoast-seo-premium-wordpress\/ -->\n<title>Specialization | Formaci\u00f3n IHCantabria<\/title>\n<meta name=\"robots\" content=\"index, follow, max-snippet:-1, max-image-preview:large, max-video-preview:-1\" \/>\n<link rel=\"canonical\" href=\"https:\/\/www.capacitacionihcantabria.com\/en\/specialization\/\" \/>\n<meta property=\"og:locale\" content=\"en_US\" \/>\n<meta property=\"og:type\" content=\"article\" \/>\n<meta property=\"og:title\" content=\"Specialization\" \/>\n<meta property=\"og:description\" content=\"[vc_row full_width=&#8221;stretch_row&#8221; parallax=&#8221;content-moving&#8221; parallax_image=&#8221;2161&#8243; css_animation=&#8221;fadeIn&#8221; is_section=&#8221;yes&#8221; section_skin=&#8221;light&#8221; conditional_render=&#8221;%5B%7B%22value_role%22%3A%22administrator%22%7D%5D&#8221; css=&#8221;.vc_custom_1713514363727{margin-top: 0px !important;border-bottom-width: 10px !important;padding-top: 10% !important;padding-bottom: 2% !important;border-bottom-color: #4992ac !important;border-bottom-style: solid !important;}&#8221; el_id=&#8221;up&#8221;][vc_column width=&#8221;1\/2&#8243;][vc_empty_space height=&#8221;80px&#8221;][vc_column_text] Specialization [\/vc_column_text][\/vc_column][vc_column width=&#8221;1\/2&#8243;][vc_empty_space][vc_single_image image=&#8221;882&#8243; alignment=&#8221;right&#8221; animation_type=&#8221;fadeInRightBig&#8221;][\/vc_column][\/vc_row][vc_row][vc_column][vc_column_text css=&#8221;&#8221;]The Specialization program provides a modular learning system, organized through a combination of courses taught in different modalities (classroom, blended, online) within training itineraries, adapted [&hellip;]\" \/>\n<meta property=\"og:url\" content=\"https:\/\/www.capacitacionihcantabria.com\/en\/specialization\/\" \/>\n<meta property=\"og:site_name\" content=\"Formaci\u00f3n IHCantabria\" \/>\n<meta property=\"article:publisher\" content=\"https:\/\/www.facebook.com\/IHCantabria\/\" \/>\n<meta property=\"article:modified_time\" content=\"2026-04-21T08:50:45+00:00\" \/>\n<meta property=\"og:image\" content=\"https:\/\/www.capacitacionihcantabria.com\/wp-content\/uploads\/2024\/05\/LOGO_ECCEIH_Negro_nosubtitulo-1.png\" \/>\n\t<meta property=\"og:image:width\" content=\"2075\" \/>\n\t<meta property=\"og:image:height\" content=\"1035\" \/>\n\t<meta property=\"og:image:type\" content=\"image\/png\" \/>\n<meta name=\"twitter:card\" content=\"summary_large_image\" \/>\n<meta name=\"twitter:site\" content=\"@IHCantabria\" \/>\n<meta name=\"twitter:label1\" content=\"Est. reading time\" \/>\n\t<meta name=\"twitter:data1\" content=\"1 minute\" \/>\n<script type=\"application\/ld+json\" class=\"yoast-schema-graph\">{\"@context\":\"https:\\\/\\\/schema.org\",\"@graph\":[{\"@type\":\"WebPage\",\"@id\":\"https:\\\/\\\/www.capacitacionihcantabria.com\\\/en\\\/specialization\\\/\",\"url\":\"https:\\\/\\\/www.capacitacionihcantabria.com\\\/en\\\/specialization\\\/\",\"name\":\"Specialization | Formaci\u00f3n IHCantabria\",\"isPartOf\":{\"@id\":\"https:\\\/\\\/www.capacitacionihcantabria.com\\\/en\\\/#website\"},\"datePublished\":\"2023-07-20T20:54:39+00:00\",\"dateModified\":\"2026-04-21T08:50:45+00:00\",\"breadcrumb\":{\"@id\":\"https:\\\/\\\/www.capacitacionihcantabria.com\\\/en\\\/specialization\\\/#breadcrumb\"},\"inLanguage\":\"en-US\",\"potentialAction\":[{\"@type\":\"ReadAction\",\"target\":[\"https:\\\/\\\/www.capacitacionihcantabria.com\\\/en\\\/specialization\\\/\"]}]},{\"@type\":\"BreadcrumbList\",\"@id\":\"https:\\\/\\\/www.capacitacionihcantabria.com\\\/en\\\/specialization\\\/#breadcrumb\",\"itemListElement\":[{\"@type\":\"ListItem\",\"position\":1,\"name\":\"Portada\",\"item\":\"https:\\\/\\\/www.capacitacionihcantabria.com\\\/en\\\/\"},{\"@type\":\"ListItem\",\"position\":2,\"name\":\"Specialization\"}]},{\"@type\":\"WebSite\",\"@id\":\"https:\\\/\\\/www.capacitacionihcantabria.com\\\/en\\\/#website\",\"url\":\"https:\\\/\\\/www.capacitacionihcantabria.com\\\/en\\\/\",\"name\":\"Formaci\u00f3n IHCantabria\",\"description\":\"Training Platform ECCE-IH Educaci\u00f3n Continua \\\/ Continuing Education \u2013 IH\",\"publisher\":{\"@id\":\"https:\\\/\\\/www.capacitacionihcantabria.com\\\/en\\\/#organization\"},\"alternateName\":\"Portal de Capacitaci\u00f3n y Formaci\u00f3n IHCantabria\",\"potentialAction\":[{\"@type\":\"SearchAction\",\"target\":{\"@type\":\"EntryPoint\",\"urlTemplate\":\"https:\\\/\\\/www.capacitacionihcantabria.com\\\/en\\\/?s={search_term_string}\"},\"query-input\":{\"@type\":\"PropertyValueSpecification\",\"valueRequired\":true,\"valueName\":\"search_term_string\"}}],\"inLanguage\":\"en-US\"},{\"@type\":\"Organization\",\"@id\":\"https:\\\/\\\/www.capacitacionihcantabria.com\\\/en\\\/#organization\",\"name\":\"Formaci\u00f3n IHCantabria\",\"url\":\"https:\\\/\\\/www.capacitacionihcantabria.com\\\/en\\\/\",\"logo\":{\"@type\":\"ImageObject\",\"inLanguage\":\"en-US\",\"@id\":\"https:\\\/\\\/www.capacitacionihcantabria.com\\\/en\\\/#\\\/schema\\\/logo\\\/image\\\/\",\"url\":\"https:\\\/\\\/www.capacitacionihcantabria.com\\\/wp-content\\\/uploads\\\/2024\\\/02\\\/Logo-IHCantabria.png\",\"contentUrl\":\"https:\\\/\\\/www.capacitacionihcantabria.com\\\/wp-content\\\/uploads\\\/2024\\\/02\\\/Logo-IHCantabria.png\",\"width\":1200,\"height\":519,\"caption\":\"Formaci\u00f3n IHCantabria\"},\"image\":{\"@id\":\"https:\\\/\\\/www.capacitacionihcantabria.com\\\/en\\\/#\\\/schema\\\/logo\\\/image\\\/\"},\"sameAs\":[\"https:\\\/\\\/www.facebook.com\\\/IHCantabria\\\/\",\"https:\\\/\\\/x.com\\\/IHCantabria\",\"https:\\\/\\\/www.instagram.com\\\/ih.cantabria\\\/\",\"https:\\\/\\\/es.linkedin.com\\\/company\\\/ihcantabria\"],\"description\":\"En IHCantabria ofrecemos una formaci\u00f3n multidisciplinar y altamente especializada en el \u00e1mbito de la ingenier\u00eda, la biolog\u00eda y la gesti\u00f3n de los sistemas acu\u00e1ticos, de sus servicios y de las amenazas asociadas a \u00e9stos. Todo ello ha constituido un eje prioritario del desarrollo de la labor formativa de IHCantabria.\",\"email\":\"info@capacitacionihcantabria.com\",\"telephone\":\"942201616\",\"legalName\":\"FUndaci\u00f3n Insituto de Hidr\u00e1ulica ambiental de cantabria\",\"foundingDate\":\"2007-03-22\",\"numberOfEmployees\":{\"@type\":\"QuantitativeValue\",\"minValue\":\"201\",\"maxValue\":\"500\"}}]}<\/script>\n<!-- \/ Yoast SEO Premium plugin. -->","yoast_head_json":{"title":"Specialization | Formaci\u00f3n IHCantabria","robots":{"index":"index","follow":"follow","max-snippet":"max-snippet:-1","max-image-preview":"max-image-preview:large","max-video-preview":"max-video-preview:-1"},"canonical":"https:\/\/www.capacitacionihcantabria.com\/en\/specialization\/","og_locale":"en_US","og_type":"article","og_title":"Specialization","og_description":"[vc_row full_width=&#8221;stretch_row&#8221; parallax=&#8221;content-moving&#8221; parallax_image=&#8221;2161&#8243; css_animation=&#8221;fadeIn&#8221; is_section=&#8221;yes&#8221; section_skin=&#8221;light&#8221; conditional_render=&#8221;%5B%7B%22value_role%22%3A%22administrator%22%7D%5D&#8221; css=&#8221;.vc_custom_1713514363727{margin-top: 0px !important;border-bottom-width: 10px !important;padding-top: 10% !important;padding-bottom: 2% !important;border-bottom-color: #4992ac !important;border-bottom-style: solid !important;}&#8221; el_id=&#8221;up&#8221;][vc_column width=&#8221;1\/2&#8243;][vc_empty_space height=&#8221;80px&#8221;][vc_column_text] Specialization [\/vc_column_text][\/vc_column][vc_column width=&#8221;1\/2&#8243;][vc_empty_space][vc_single_image image=&#8221;882&#8243; alignment=&#8221;right&#8221; animation_type=&#8221;fadeInRightBig&#8221;][\/vc_column][\/vc_row][vc_row][vc_column][vc_column_text css=&#8221;&#8221;]The Specialization program provides a modular learning system, organized through a combination of courses taught in different modalities (classroom, blended, online) within training itineraries, adapted [&hellip;]","og_url":"https:\/\/www.capacitacionihcantabria.com\/en\/specialization\/","og_site_name":"Formaci\u00f3n IHCantabria","article_publisher":"https:\/\/www.facebook.com\/IHCantabria\/","article_modified_time":"2026-04-21T08:50:45+00:00","og_image":[{"width":2075,"height":1035,"url":"https:\/\/www.capacitacionihcantabria.com\/wp-content\/uploads\/2024\/05\/LOGO_ECCEIH_Negro_nosubtitulo-1.png","type":"image\/png"}],"twitter_card":"summary_large_image","twitter_site":"@IHCantabria","twitter_misc":{"Est. reading time":"1 minute"},"schema":{"@context":"https:\/\/schema.org","@graph":[{"@type":"WebPage","@id":"https:\/\/www.capacitacionihcantabria.com\/en\/specialization\/","url":"https:\/\/www.capacitacionihcantabria.com\/en\/specialization\/","name":"Specialization | Formaci\u00f3n IHCantabria","isPartOf":{"@id":"https:\/\/www.capacitacionihcantabria.com\/en\/#website"},"datePublished":"2023-07-20T20:54:39+00:00","dateModified":"2026-04-21T08:50:45+00:00","breadcrumb":{"@id":"https:\/\/www.capacitacionihcantabria.com\/en\/specialization\/#breadcrumb"},"inLanguage":"en-US","potentialAction":[{"@type":"ReadAction","target":["https:\/\/www.capacitacionihcantabria.com\/en\/specialization\/"]}]},{"@type":"BreadcrumbList","@id":"https:\/\/www.capacitacionihcantabria.com\/en\/specialization\/#breadcrumb","itemListElement":[{"@type":"ListItem","position":1,"name":"Portada","item":"https:\/\/www.capacitacionihcantabria.com\/en\/"},{"@type":"ListItem","position":2,"name":"Specialization"}]},{"@type":"WebSite","@id":"https:\/\/www.capacitacionihcantabria.com\/en\/#website","url":"https:\/\/www.capacitacionihcantabria.com\/en\/","name":"Formaci\u00f3n IHCantabria","description":"Training Platform ECCE-IH Educaci\u00f3n Continua \/ Continuing Education \u2013 IH","publisher":{"@id":"https:\/\/www.capacitacionihcantabria.com\/en\/#organization"},"alternateName":"Portal de Capacitaci\u00f3n y Formaci\u00f3n IHCantabria","potentialAction":[{"@type":"SearchAction","target":{"@type":"EntryPoint","urlTemplate":"https:\/\/www.capacitacionihcantabria.com\/en\/?s={search_term_string}"},"query-input":{"@type":"PropertyValueSpecification","valueRequired":true,"valueName":"search_term_string"}}],"inLanguage":"en-US"},{"@type":"Organization","@id":"https:\/\/www.capacitacionihcantabria.com\/en\/#organization","name":"Formaci\u00f3n IHCantabria","url":"https:\/\/www.capacitacionihcantabria.com\/en\/","logo":{"@type":"ImageObject","inLanguage":"en-US","@id":"https:\/\/www.capacitacionihcantabria.com\/en\/#\/schema\/logo\/image\/","url":"https:\/\/www.capacitacionihcantabria.com\/wp-content\/uploads\/2024\/02\/Logo-IHCantabria.png","contentUrl":"https:\/\/www.capacitacionihcantabria.com\/wp-content\/uploads\/2024\/02\/Logo-IHCantabria.png","width":1200,"height":519,"caption":"Formaci\u00f3n IHCantabria"},"image":{"@id":"https:\/\/www.capacitacionihcantabria.com\/en\/#\/schema\/logo\/image\/"},"sameAs":["https:\/\/www.facebook.com\/IHCantabria\/","https:\/\/x.com\/IHCantabria","https:\/\/www.instagram.com\/ih.cantabria\/","https:\/\/es.linkedin.com\/company\/ihcantabria"],"description":"En IHCantabria ofrecemos una formaci\u00f3n multidisciplinar y altamente especializada en el \u00e1mbito de la ingenier\u00eda, la biolog\u00eda y la gesti\u00f3n de los sistemas acu\u00e1ticos, de sus servicios y de las amenazas asociadas a \u00e9stos. Todo ello ha constituido un eje prioritario del desarrollo de la labor formativa de IHCantabria.","email":"info@capacitacionihcantabria.com","telephone":"942201616","legalName":"FUndaci\u00f3n Insituto de Hidr\u00e1ulica ambiental de cantabria","foundingDate":"2007-03-22","numberOfEmployees":{"@type":"QuantitativeValue","minValue":"201","maxValue":"500"}}]}},"_links":{"self":[{"href":"https:\/\/www.capacitacionihcantabria.com\/en\/wp-json\/wp\/v2\/pages\/1561","targetHints":{"allow":["GET"]}}],"collection":[{"href":"https:\/\/www.capacitacionihcantabria.com\/en\/wp-json\/wp\/v2\/pages"}],"about":[{"href":"https:\/\/www.capacitacionihcantabria.com\/en\/wp-json\/wp\/v2\/types\/page"}],"author":[{"embeddable":true,"href":"https:\/\/www.capacitacionihcantabria.com\/en\/wp-json\/wp\/v2\/users\/5"}],"replies":[{"embeddable":true,"href":"https:\/\/www.capacitacionihcantabria.com\/en\/wp-json\/wp\/v2\/comments?post=1561"}],"version-history":[{"count":32,"href":"https:\/\/www.capacitacionihcantabria.com\/en\/wp-json\/wp\/v2\/pages\/1561\/revisions"}],"predecessor-version":[{"id":5640,"href":"https:\/\/www.capacitacionihcantabria.com\/en\/wp-json\/wp\/v2\/pages\/1561\/revisions\/5640"}],"wp:attachment":[{"href":"https:\/\/www.capacitacionihcantabria.com\/en\/wp-json\/wp\/v2\/media?parent=1561"}],"curies":[{"name":"wp","href":"https:\/\/api.w.org\/{rel}","templated":true}]}}