{"id":1534,"date":"2023-07-17T20:48:34","date_gmt":"2023-07-17T18:48:34","guid":{"rendered":"https:\/\/www.capacitacionihcantabria.com\/privacy-policy\/"},"modified":"2024-05-07T20:58:51","modified_gmt":"2024-05-07T18:58:51","slug":"privacy-policy","status":"publish","type":"page","link":"https:\/\/www.capacitacionihcantabria.com\/en\/privacy-policy\/","title":{"rendered":"Privacy Policy"},"content":{"rendered":"<div class=\"wpb-content-wrapper\"><p>[vc_row full_width_css=&#8221;stretch_row_css&#8221; parallax=&#8221;content-moving&#8221; parallax_image=&#8221;987&#8243; css=&#8221;.vc_custom_1715108292206{border-bottom-width: 5px !important;padding-top: 10% !important;padding-bottom: 5% !important;border-bottom-color: var(&#8211;porto-primary-color) !important;border-bottom-style: solid !important;}&#8221; conditional_render=&#8221;%5B%7B%22value_role%22%3A%22administrator%22%7D%5D&#8221;][vc_column][vc_row_inner][vc_column_inner][vc_column_text css=&#8221;&#8221;]<\/p>\n<h3><span style=\"font-size: 50px; color: #ffffff;\"><strong>Privacy Policy<\/strong><\/span><\/h3>\n<p>[\/vc_column_text][\/vc_column_inner][\/vc_row_inner][\/vc_column][\/vc_row][vc_row parallax=&#8221;content-moving&#8221; conditional_render=&#8221;%5B%7B%22value_role%22%3A%22administrator%22%7D%5D&#8221;][vc_column][vc_column_text css=&#8221;&#8221;]<\/p>\n<h2 style=\"text-align: center;\"><\/h2>\n<p><strong>FUNDACI\u00d3N INSTITUTO HIDR\u00c1ULICA AMBIENTAL DE CANTABRIA (FIHAC)<\/strong>, (C.I.F. G39655170), with address at PCTCAN- C\/Isabel Torres, 15, 39011 Santander (Cantabria), is the owner of the website <u>www.capacitacionihcantabria.com<\/u>.as such, informs you that in order to make use of the services offered, it is necessary that you provide us with certain personal data. FUNDACI\u00d3N INSTITUTO HIDR\u00c1ULICA AMBIENTAL DE CANTABRIA (FIHAC) will act in accordance with the provisions of current legislation and, specifically, in accordance with the provisions of the European Data Protection Regulation (GDPR), in the Organic Law on Data Protection and Guarantee of Digital Rights (LOPD-GDD) 3\/2018 of December 5 and in the Law on Information Society Services (LSSI), with regard to maintaining the confidentiality and processing of personal data provided voluntarily by users of this website.<\/p>\n<h3><strong>Consent and authorization to the processing of your personal data<\/strong><\/h3>\n<p>Please note that personal data obtained through the data collection forms of <a href=\"http:\/\/www.capacitacionihcantabria.com\">www.capacitacionihcantabria.com<\/a>  will be processed by FUNDACI\u00d3N INSTITUTO HIDR\u00c1ULICA AMBIENTAL DE CANTABRIA (FIHAC) in order to manage your request and the maintenance of professional and commercial relations with you, as well as to maintain an informative and promotional link with you, so that you can receive, by different means (telephone, SMS, mails) communications about offers, products and services that may be of interest to you if you have previously given us your consent.<\/p>\n<p>Your personal data will not be disclosed to third parties, unless required by law or by the competent authorities.<\/p>\n<p>The basis that legitimizes the processing of your data is your consent given by voluntarily completing the corresponding form with your personal data and accepting this Privacy Policy. Your data will be kept until you revoke your consent or object to the processing of your data for this purpose.<\/p>\n<p>FUNDACI\u00d3N INSTITUTO HIDR\u00c1ULICA AMBIENTAL DE CANTABRIA (FIHAC) informs you that under no circumstances are you obliged to provide us with your personal data, and that these are adequate, relevant and strictly necessary to fulfill the purpose for which they are collected, however, these are essential to respond to your request or to provide you with the services offered.<\/p>\n<p>If you have contacted us via e-mail, we inform you that the personal data you have provided will be processed by FUNDACI\u00d3N INSTITUTO HIDR\u00c1ULICA AMBIENTAL DE CANTABRIA (FIHAC) in order to manage and maintain the professional relationships that bind us with you. In order to carry out this management, it is possible that your data may be communicated to the public entities and administrations necessary for the performance of this management. This data processing is necessary to maintain this professional relationship. Likewise, we inform you that your data will be kept as long as these relationships are maintained and the periods established by the tax legislation or during the periods established to attend possible claims.<\/p>\n<p>If you have sent us your resume to the postal or e-mail addresses of FUNDACI\u00d3N INSTITUTO HIDR\u00c1ULICA AMBIENTAL DE CANTABRIA (FIHAC) or you have provided it to us through third party job boards, we inform you that your data will be processed by FUNDACI\u00d3N INSTITUTO HIDR\u00c1ULICA AMBIENTAL DE CANTABRIA (FIHAC) for the management of its personnel selection processes for vacant positions in the Foundation. Your data will not be disclosed to third parties. This data processing is necessary to fulfill your job application and is based on the consent you give us by sending us your resume or completed data form.<\/p>\n<h3><strong>Data protection rights of the data subject<\/strong><\/h3>\n<p>For the purposes of the provisions of the regulations in force, you may exercise your rights of access, rectification, deletion, opposition, not to be subject to automated individual decisions, portability and limitation of the processing of your data by writing to  <strong>ENVIRONMENTAL HYDRAULIC INSTITUTE FOUNDATION OF CANTABRIA (FIHAC)<\/strong>located at PCTCAN &#8211; C\/Isabel Torres, 15, 39011 Santander (Cantabria), or to  <a href=\"mailto:rgpdihcantabria@unican.es\">rgpdihcantabria@unican.es<\/a>The applicant must attach a copy of his or her identity card with proof of identity. You have the right to file a complaint with the Spanish Data Protection Agency (AEPD), if you consider your rights have been infringed.<\/p>\n<h3>Updating and Cancellation of your data<\/h3>\n<p>In order for us to keep your personal data updated, it is important that you inform us whenever there has been any change in them, otherwise, we are not responsible for the veracity of them. Likewise, you certify that all the information you provide us is true, valid and relevant for the purpose for which we request it, and that you provide it yourself.<\/p>\n<p>Your data will be kept until you revoke your consent or object to the processing of your data for this purpose, without this conditioning other relationships you have with the entity.<\/p>\n<h3><strong>Confidentiality and Data Security Guarantee<\/strong><\/h3>\n<p>FUNDACI\u00d3N INSTITUTO HIDR\u00c1ULICA AMBIENTAL DE CANTABRIA (FIHAC), in response to the trust placed in us and taking into account the importance in terms of protection and confidentiality that your personal data requires, informs you that it has adopted the necessary technical and organizational measures to ensure the confidentiality, availability, integrity and resilience of its systems and processing services. However, the user should be aware that security measures on the Internet are not impregnable.<\/p>\n<p>This privacy policy was updated in January 2024. FUNDACI\u00d3N INSTITUTO HIDR\u00c1ULICA AMBIENTAL DE CANTABRIA (FIHAC) reserves the right to modify its data protection policy in the event that there is a change in current legislation, jurisprudential doctrine or due to its own foundational criteria. If any changes are made to this policy, the new text will be posted at this same address.<\/p>\n<p>&nbsp;[\/vc_column_text][\/vc_column][\/vc_row]<\/p>\n<\/div>","protected":false},"excerpt":{"rendered":"<p>[vc_row full_width_css=&#8221;stretch_row_css&#8221; parallax=&#8221;content-moving&#8221; parallax_image=&#8221;987&#8243; css=&#8221;.vc_custom_1715108292206{border-bottom-width: 5px !important;padding-top: 10% !important;padding-bottom: 5% !important;border-bottom-color: var(&#8211;porto-primary-color) !important;border-bottom-style: solid !important;}&#8221; conditional_render=&#8221;%5B%7B%22value_role%22%3A%22administrator%22%7D%5D&#8221;][vc_column][vc_row_inner][vc_column_inner][vc_column_text css=&#8221;&#8221;] Privacy Policy [\/vc_column_text][\/vc_column_inner][\/vc_row_inner][\/vc_column][\/vc_row][vc_row parallax=&#8221;content-moving&#8221; conditional_render=&#8221;%5B%7B%22value_role%22%3A%22administrator%22%7D%5D&#8221;][vc_column][vc_column_text css=&#8221;&#8221;] FUNDACI\u00d3N INSTITUTO HIDR\u00c1ULICA AMBIENTAL DE CANTABRIA (FIHAC), (C.I.F. G39655170), with address at PCTCAN- C\/Isabel Torres, 15, 39011 Santander (Cantabria), is the owner of the website www.capacitacionihcantabria.com.as such, informs you that in order [&hellip;]<\/p>\n","protected":false},"author":5,"featured_media":0,"parent":0,"menu_order":0,"comment_status":"closed","ping_status":"closed","template":"","meta":{"footnotes":""},"class_list":["post-1534","page","type-page","status-publish","hentry"],"yoast_head":"<!-- This site is optimized with the Yoast SEO Premium plugin v27.4 (Yoast SEO v27.5) - https:\/\/yoast.com\/product\/yoast-seo-premium-wordpress\/ -->\n<title>Privacy Policy | Formaci\u00f3n IHCantabria<\/title>\n<meta name=\"robots\" content=\"index, follow, max-snippet:-1, max-image-preview:large, max-video-preview:-1\" \/>\n<link rel=\"canonical\" href=\"https:\/\/www.capacitacionihcantabria.com\/en\/privacy-policy\/\" \/>\n<meta property=\"og:locale\" content=\"en_US\" \/>\n<meta property=\"og:type\" content=\"article\" \/>\n<meta property=\"og:title\" content=\"Privacy Policy\" \/>\n<meta property=\"og:description\" content=\"[vc_row full_width_css=&#8221;stretch_row_css&#8221; parallax=&#8221;content-moving&#8221; parallax_image=&#8221;987&#8243; css=&#8221;.vc_custom_1715108292206{border-bottom-width: 5px !important;padding-top: 10% !important;padding-bottom: 5% !important;border-bottom-color: var(&#8211;porto-primary-color) !important;border-bottom-style: solid !important;}&#8221; conditional_render=&#8221;%5B%7B%22value_role%22%3A%22administrator%22%7D%5D&#8221;][vc_column][vc_row_inner][vc_column_inner][vc_column_text css=&#8221;&#8221;] Privacy Policy [\/vc_column_text][\/vc_column_inner][\/vc_row_inner][\/vc_column][\/vc_row][vc_row parallax=&#8221;content-moving&#8221; conditional_render=&#8221;%5B%7B%22value_role%22%3A%22administrator%22%7D%5D&#8221;][vc_column][vc_column_text css=&#8221;&#8221;] FUNDACI\u00d3N INSTITUTO HIDR\u00c1ULICA AMBIENTAL DE CANTABRIA (FIHAC), (C.I.F. G39655170), with address at PCTCAN- C\/Isabel Torres, 15, 39011 Santander (Cantabria), is the owner of the website www.capacitacionihcantabria.com.as such, informs you that in order [&hellip;]\" \/>\n<meta property=\"og:url\" content=\"https:\/\/www.capacitacionihcantabria.com\/en\/privacy-policy\/\" \/>\n<meta property=\"og:site_name\" content=\"Formaci\u00f3n IHCantabria\" \/>\n<meta property=\"article:publisher\" content=\"https:\/\/www.facebook.com\/IHCantabria\/\" \/>\n<meta property=\"article:modified_time\" content=\"2024-05-07T18:58:51+00:00\" \/>\n<meta property=\"og:image\" content=\"https:\/\/www.capacitacionihcantabria.com\/wp-content\/uploads\/2024\/05\/LOGO_ECCEIH_Negro_nosubtitulo-1.png\" \/>\n\t<meta property=\"og:image:width\" content=\"2075\" \/>\n\t<meta property=\"og:image:height\" content=\"1035\" \/>\n\t<meta property=\"og:image:type\" content=\"image\/png\" \/>\n<meta name=\"twitter:card\" content=\"summary_large_image\" \/>\n<meta name=\"twitter:site\" content=\"@IHCantabria\" \/>\n<meta name=\"twitter:label1\" content=\"Est. reading time\" \/>\n\t<meta name=\"twitter:data1\" content=\"4 minutes\" \/>\n<script type=\"application\/ld+json\" class=\"yoast-schema-graph\">{\"@context\":\"https:\\\/\\\/schema.org\",\"@graph\":[{\"@type\":\"WebPage\",\"@id\":\"https:\\\/\\\/www.capacitacionihcantabria.com\\\/en\\\/privacy-policy\\\/\",\"url\":\"https:\\\/\\\/www.capacitacionihcantabria.com\\\/en\\\/privacy-policy\\\/\",\"name\":\"Privacy Policy | Formaci\u00f3n IHCantabria\",\"isPartOf\":{\"@id\":\"https:\\\/\\\/www.capacitacionihcantabria.com\\\/en\\\/#website\"},\"datePublished\":\"2023-07-17T18:48:34+00:00\",\"dateModified\":\"2024-05-07T18:58:51+00:00\",\"breadcrumb\":{\"@id\":\"https:\\\/\\\/www.capacitacionihcantabria.com\\\/en\\\/privacy-policy\\\/#breadcrumb\"},\"inLanguage\":\"en-US\",\"potentialAction\":[{\"@type\":\"ReadAction\",\"target\":[\"https:\\\/\\\/www.capacitacionihcantabria.com\\\/en\\\/privacy-policy\\\/\"]}]},{\"@type\":\"BreadcrumbList\",\"@id\":\"https:\\\/\\\/www.capacitacionihcantabria.com\\\/en\\\/privacy-policy\\\/#breadcrumb\",\"itemListElement\":[{\"@type\":\"ListItem\",\"position\":1,\"name\":\"Portada\",\"item\":\"https:\\\/\\\/www.capacitacionihcantabria.com\\\/en\\\/\"},{\"@type\":\"ListItem\",\"position\":2,\"name\":\"Privacy Policy\"}]},{\"@type\":\"WebSite\",\"@id\":\"https:\\\/\\\/www.capacitacionihcantabria.com\\\/en\\\/#website\",\"url\":\"https:\\\/\\\/www.capacitacionihcantabria.com\\\/en\\\/\",\"name\":\"Formaci\u00f3n IHCantabria\",\"description\":\"Training Platform ECCE-IH Educaci\u00f3n Continua \\\/ Continuing Education \u2013 IH\",\"publisher\":{\"@id\":\"https:\\\/\\\/www.capacitacionihcantabria.com\\\/en\\\/#organization\"},\"alternateName\":\"Portal de Capacitaci\u00f3n y Formaci\u00f3n IHCantabria\",\"potentialAction\":[{\"@type\":\"SearchAction\",\"target\":{\"@type\":\"EntryPoint\",\"urlTemplate\":\"https:\\\/\\\/www.capacitacionihcantabria.com\\\/en\\\/?s={search_term_string}\"},\"query-input\":{\"@type\":\"PropertyValueSpecification\",\"valueRequired\":true,\"valueName\":\"search_term_string\"}}],\"inLanguage\":\"en-US\"},{\"@type\":\"Organization\",\"@id\":\"https:\\\/\\\/www.capacitacionihcantabria.com\\\/en\\\/#organization\",\"name\":\"Formaci\u00f3n IHCantabria\",\"url\":\"https:\\\/\\\/www.capacitacionihcantabria.com\\\/en\\\/\",\"logo\":{\"@type\":\"ImageObject\",\"inLanguage\":\"en-US\",\"@id\":\"https:\\\/\\\/www.capacitacionihcantabria.com\\\/en\\\/#\\\/schema\\\/logo\\\/image\\\/\",\"url\":\"https:\\\/\\\/www.capacitacionihcantabria.com\\\/wp-content\\\/uploads\\\/2024\\\/02\\\/Logo-IHCantabria.png\",\"contentUrl\":\"https:\\\/\\\/www.capacitacionihcantabria.com\\\/wp-content\\\/uploads\\\/2024\\\/02\\\/Logo-IHCantabria.png\",\"width\":1200,\"height\":519,\"caption\":\"Formaci\u00f3n IHCantabria\"},\"image\":{\"@id\":\"https:\\\/\\\/www.capacitacionihcantabria.com\\\/en\\\/#\\\/schema\\\/logo\\\/image\\\/\"},\"sameAs\":[\"https:\\\/\\\/www.facebook.com\\\/IHCantabria\\\/\",\"https:\\\/\\\/x.com\\\/IHCantabria\",\"https:\\\/\\\/www.instagram.com\\\/ih.cantabria\\\/\",\"https:\\\/\\\/es.linkedin.com\\\/company\\\/ihcantabria\"],\"description\":\"En IHCantabria ofrecemos una formaci\u00f3n multidisciplinar y altamente especializada en el \u00e1mbito de la ingenier\u00eda, la biolog\u00eda y la gesti\u00f3n de los sistemas acu\u00e1ticos, de sus servicios y de las amenazas asociadas a \u00e9stos. Todo ello ha constituido un eje prioritario del desarrollo de la labor formativa de IHCantabria.\",\"email\":\"info@capacitacionihcantabria.com\",\"telephone\":\"942201616\",\"legalName\":\"FUndaci\u00f3n Insituto de Hidr\u00e1ulica ambiental de cantabria\",\"foundingDate\":\"2007-03-22\",\"numberOfEmployees\":{\"@type\":\"QuantitativeValue\",\"minValue\":\"201\",\"maxValue\":\"500\"}}]}<\/script>\n<!-- \/ Yoast SEO Premium plugin. -->","yoast_head_json":{"title":"Privacy Policy | Formaci\u00f3n IHCantabria","robots":{"index":"index","follow":"follow","max-snippet":"max-snippet:-1","max-image-preview":"max-image-preview:large","max-video-preview":"max-video-preview:-1"},"canonical":"https:\/\/www.capacitacionihcantabria.com\/en\/privacy-policy\/","og_locale":"en_US","og_type":"article","og_title":"Privacy Policy","og_description":"[vc_row full_width_css=&#8221;stretch_row_css&#8221; parallax=&#8221;content-moving&#8221; parallax_image=&#8221;987&#8243; css=&#8221;.vc_custom_1715108292206{border-bottom-width: 5px !important;padding-top: 10% !important;padding-bottom: 5% !important;border-bottom-color: var(&#8211;porto-primary-color) !important;border-bottom-style: solid !important;}&#8221; conditional_render=&#8221;%5B%7B%22value_role%22%3A%22administrator%22%7D%5D&#8221;][vc_column][vc_row_inner][vc_column_inner][vc_column_text css=&#8221;&#8221;] Privacy Policy [\/vc_column_text][\/vc_column_inner][\/vc_row_inner][\/vc_column][\/vc_row][vc_row parallax=&#8221;content-moving&#8221; conditional_render=&#8221;%5B%7B%22value_role%22%3A%22administrator%22%7D%5D&#8221;][vc_column][vc_column_text css=&#8221;&#8221;] FUNDACI\u00d3N INSTITUTO HIDR\u00c1ULICA AMBIENTAL DE CANTABRIA (FIHAC), (C.I.F. G39655170), with address at PCTCAN- C\/Isabel Torres, 15, 39011 Santander (Cantabria), is the owner of the website www.capacitacionihcantabria.com.as such, informs you that in order [&hellip;]","og_url":"https:\/\/www.capacitacionihcantabria.com\/en\/privacy-policy\/","og_site_name":"Formaci\u00f3n IHCantabria","article_publisher":"https:\/\/www.facebook.com\/IHCantabria\/","article_modified_time":"2024-05-07T18:58:51+00:00","og_image":[{"width":2075,"height":1035,"url":"https:\/\/www.capacitacionihcantabria.com\/wp-content\/uploads\/2024\/05\/LOGO_ECCEIH_Negro_nosubtitulo-1.png","type":"image\/png"}],"twitter_card":"summary_large_image","twitter_site":"@IHCantabria","twitter_misc":{"Est. reading time":"4 minutes"},"schema":{"@context":"https:\/\/schema.org","@graph":[{"@type":"WebPage","@id":"https:\/\/www.capacitacionihcantabria.com\/en\/privacy-policy\/","url":"https:\/\/www.capacitacionihcantabria.com\/en\/privacy-policy\/","name":"Privacy Policy | Formaci\u00f3n IHCantabria","isPartOf":{"@id":"https:\/\/www.capacitacionihcantabria.com\/en\/#website"},"datePublished":"2023-07-17T18:48:34+00:00","dateModified":"2024-05-07T18:58:51+00:00","breadcrumb":{"@id":"https:\/\/www.capacitacionihcantabria.com\/en\/privacy-policy\/#breadcrumb"},"inLanguage":"en-US","potentialAction":[{"@type":"ReadAction","target":["https:\/\/www.capacitacionihcantabria.com\/en\/privacy-policy\/"]}]},{"@type":"BreadcrumbList","@id":"https:\/\/www.capacitacionihcantabria.com\/en\/privacy-policy\/#breadcrumb","itemListElement":[{"@type":"ListItem","position":1,"name":"Portada","item":"https:\/\/www.capacitacionihcantabria.com\/en\/"},{"@type":"ListItem","position":2,"name":"Privacy Policy"}]},{"@type":"WebSite","@id":"https:\/\/www.capacitacionihcantabria.com\/en\/#website","url":"https:\/\/www.capacitacionihcantabria.com\/en\/","name":"Formaci\u00f3n IHCantabria","description":"Training Platform ECCE-IH Educaci\u00f3n Continua \/ Continuing Education \u2013 IH","publisher":{"@id":"https:\/\/www.capacitacionihcantabria.com\/en\/#organization"},"alternateName":"Portal de Capacitaci\u00f3n y Formaci\u00f3n IHCantabria","potentialAction":[{"@type":"SearchAction","target":{"@type":"EntryPoint","urlTemplate":"https:\/\/www.capacitacionihcantabria.com\/en\/?s={search_term_string}"},"query-input":{"@type":"PropertyValueSpecification","valueRequired":true,"valueName":"search_term_string"}}],"inLanguage":"en-US"},{"@type":"Organization","@id":"https:\/\/www.capacitacionihcantabria.com\/en\/#organization","name":"Formaci\u00f3n IHCantabria","url":"https:\/\/www.capacitacionihcantabria.com\/en\/","logo":{"@type":"ImageObject","inLanguage":"en-US","@id":"https:\/\/www.capacitacionihcantabria.com\/en\/#\/schema\/logo\/image\/","url":"https:\/\/www.capacitacionihcantabria.com\/wp-content\/uploads\/2024\/02\/Logo-IHCantabria.png","contentUrl":"https:\/\/www.capacitacionihcantabria.com\/wp-content\/uploads\/2024\/02\/Logo-IHCantabria.png","width":1200,"height":519,"caption":"Formaci\u00f3n IHCantabria"},"image":{"@id":"https:\/\/www.capacitacionihcantabria.com\/en\/#\/schema\/logo\/image\/"},"sameAs":["https:\/\/www.facebook.com\/IHCantabria\/","https:\/\/x.com\/IHCantabria","https:\/\/www.instagram.com\/ih.cantabria\/","https:\/\/es.linkedin.com\/company\/ihcantabria"],"description":"En IHCantabria ofrecemos una formaci\u00f3n multidisciplinar y altamente especializada en el \u00e1mbito de la ingenier\u00eda, la biolog\u00eda y la gesti\u00f3n de los sistemas acu\u00e1ticos, de sus servicios y de las amenazas asociadas a \u00e9stos. Todo ello ha constituido un eje prioritario del desarrollo de la labor formativa de IHCantabria.","email":"info@capacitacionihcantabria.com","telephone":"942201616","legalName":"FUndaci\u00f3n Insituto de Hidr\u00e1ulica ambiental de cantabria","foundingDate":"2007-03-22","numberOfEmployees":{"@type":"QuantitativeValue","minValue":"201","maxValue":"500"}}]}},"_links":{"self":[{"href":"https:\/\/www.capacitacionihcantabria.com\/en\/wp-json\/wp\/v2\/pages\/1534","targetHints":{"allow":["GET"]}}],"collection":[{"href":"https:\/\/www.capacitacionihcantabria.com\/en\/wp-json\/wp\/v2\/pages"}],"about":[{"href":"https:\/\/www.capacitacionihcantabria.com\/en\/wp-json\/wp\/v2\/types\/page"}],"author":[{"embeddable":true,"href":"https:\/\/www.capacitacionihcantabria.com\/en\/wp-json\/wp\/v2\/users\/5"}],"replies":[{"embeddable":true,"href":"https:\/\/www.capacitacionihcantabria.com\/en\/wp-json\/wp\/v2\/comments?post=1534"}],"version-history":[{"count":36,"href":"https:\/\/www.capacitacionihcantabria.com\/en\/wp-json\/wp\/v2\/pages\/1534\/revisions"}],"predecessor-version":[{"id":4195,"href":"https:\/\/www.capacitacionihcantabria.com\/en\/wp-json\/wp\/v2\/pages\/1534\/revisions\/4195"}],"wp:attachment":[{"href":"https:\/\/www.capacitacionihcantabria.com\/en\/wp-json\/wp\/v2\/media?parent=1534"}],"curies":[{"name":"wp","href":"https:\/\/api.w.org\/{rel}","templated":true}]}}